{"id":1593,"date":"2025-07-24T17:23:03","date_gmt":"2025-07-24T15:23:03","guid":{"rendered":"https:\/\/alding.cat\/?post_type=product&#038;p=1593"},"modified":"2025-07-24T17:24:09","modified_gmt":"2025-07-24T15:24:09","slug":"formacio-practica-en-comunicacio-industrial-opc-ua-profinet-i-protocols-de-camp","status":"publish","type":"product","link":"https:\/\/alding.cat\/ca\/producte\/formacio-practica-en-comunicacio-industrial-opc-ua-profinet-i-protocols-de-camp\/","title":{"rendered":"Formaci\u00f3 pr\u00e0ctica en comunicaci\u00f3 industrial: OPC UA, Profinet i protocols de camp"},"content":{"rendered":"<p data-start=\"131\" data-end=\"149\"><strong data-start=\"131\" data-end=\"149\">Qu\u00e8 aprendr\u00e0s?<\/strong><\/p>\n<ul data-start=\"151\" data-end=\"548\">\n<li data-start=\"151\" data-end=\"215\">\n<p data-start=\"153\" data-end=\"215\">Principis de comunicaci\u00f3 industrial i arquitectura de xarxes<\/p>\n<\/li>\n<li data-start=\"216\" data-end=\"310\">\n<p data-start=\"218\" data-end=\"310\">Funcionament i configuraci\u00f3 de protocols com OPC UA, Profinet, Modbus, EtherCAT i Profibus<\/p>\n<\/li>\n<li data-start=\"311\" data-end=\"386\">\n<p data-start=\"313\" data-end=\"386\">Integraci\u00f3 de dispositius i intercanvi de dades entre equips de control<\/p>\n<\/li>\n<li data-start=\"387\" data-end=\"451\">\n<p data-start=\"389\" data-end=\"451\">Configuraci\u00f3 de comunicaci\u00f3 entre PLCs, HMI i sistemes SCADA<\/p>\n<\/li>\n<li data-start=\"452\" data-end=\"496\">\n<p data-start=\"454\" data-end=\"496\">Resoluci\u00f3 d\u2019errors i diagn\u00f2stic de xarxa<\/p>\n<\/li>\n<li data-start=\"497\" data-end=\"548\">\n<p data-start=\"499\" data-end=\"548\">Bones pr\u00e0ctiques en seguretat i interoperabilitat<\/p>\n<\/li>\n<\/ul>\n<p data-start=\"550\" data-end=\"734\"><strong data-start=\"550\" data-end=\"571\">A qui va dirigit?<\/strong><br data-start=\"571\" data-end=\"574\" \/>T\u00e8cnics d\u2019automatitzaci\u00f3, enginyers de control, responsables de manteniment i estudiants que vulguin adquirir compet\u00e8ncies pr\u00e0ctiques en comunicaci\u00f3 industrial.<\/p>\n<p data-start=\"736\" data-end=\"830\"><strong data-start=\"736\" data-end=\"746\">Durada<\/strong><br data-start=\"746\" data-end=\"749\" \/>30 hores presencials o en format h\u00edbrid (sessions t\u00e8cniques + pr\u00e0ctiques guiades)<\/p>\n","protected":false},"excerpt":{"rendered":"<p>Qu\u00e8 aprendr\u00e0s? Principis de comunicaci\u00f3 industrial i arquitectura de xarxes Funcionament i configuraci\u00f3 de protocols com OPC UA, Profinet, Modbus, EtherCAT i Profibus Integraci\u00f3 de dispositius i intercanvi de dades entre equips de control Configuraci\u00f3 de comunicaci\u00f3 entre PLCs, HMI i sistemes SCADA Resoluci\u00f3 d\u2019errors i diagn\u00f2stic de xarxa Bones pr\u00e0ctiques en seguretat i interoperabilitat [&hellip;]<\/p>\n","protected":false},"featured_media":1530,"comment_status":"closed","ping_status":"closed","template":"","meta":{"_acf_changed":false,"inline_featured_image":false},"product_brand":[],"product_cat":[47],"product_tag":[],"class_list":{"0":"post-1593","1":"product","2":"type-product","3":"status-publish","4":"has-post-thumbnail","6":"product_cat-sense-categoria","8":"first","9":"instock","10":"virtual","11":"purchasable","12":"product-type-simple"},"acf":[],"yoast_head":"<!-- This site is optimized with the Yoast SEO plugin v27.4 - https:\/\/yoast.com\/product\/yoast-seo-wordpress\/ -->\n<title>Formaci\u00f3 pr\u00e0ctica en comunicaci\u00f3 industrial: OPC UA, Profinet i protocols de camp - Alding<\/title>\n<meta name=\"robots\" content=\"noindex, follow\" \/>\n<meta property=\"og:locale\" content=\"ca_ES\" \/>\n<meta property=\"og:type\" content=\"article\" \/>\n<meta property=\"og:title\" content=\"Formaci\u00f3 pr\u00e0ctica en comunicaci\u00f3 industrial: OPC UA, Profinet i protocols de camp - Alding\" \/>\n<meta property=\"og:description\" content=\"Qu\u00e8 aprendr\u00e0s? Principis de comunicaci\u00f3 industrial i arquitectura de xarxes Funcionament i configuraci\u00f3 de protocols com OPC UA, Profinet, Modbus, EtherCAT i Profibus Integraci\u00f3 de dispositius i intercanvi de dades entre equips de control Configuraci\u00f3 de comunicaci\u00f3 entre PLCs, HMI i sistemes SCADA Resoluci\u00f3 d\u2019errors i diagn\u00f2stic de xarxa Bones pr\u00e0ctiques en seguretat i interoperabilitat [&hellip;]\" \/>\n<meta property=\"og:url\" content=\"https:\/\/alding.cat\/producte\/formacio-practica-en-comunicacio-industrial-opc-ua-profinet-i-protocols-de-camp\/\" \/>\n<meta property=\"og:site_name\" content=\"Alding\" \/>\n<meta property=\"article:modified_time\" content=\"2025-07-24T15:24:09+00:00\" \/>\n<meta property=\"og:image\" content=\"https:\/\/alding.cat\/wp-content\/uploads\/2025\/07\/PHOTO-2025-05-29-08-21-00.jpg\" \/>\n\t<meta property=\"og:image:width\" content=\"1600\" \/>\n\t<meta property=\"og:image:height\" content=\"720\" \/>\n\t<meta property=\"og:image:type\" content=\"image\/jpeg\" \/>\n<meta name=\"twitter:card\" content=\"summary_large_image\" \/>\n<meta name=\"twitter:label1\" content=\"Temps estimat de lectura\" \/>\n\t<meta name=\"twitter:data1\" content=\"1 minut\" \/>\n<script type=\"application\/ld+json\" class=\"yoast-schema-graph\">{\"@context\":\"https:\\\/\\\/schema.org\",\"@graph\":[{\"@type\":\"WebPage\",\"@id\":\"https:\\\/\\\/alding.cat\\\/producte\\\/formacio-practica-en-comunicacio-industrial-opc-ua-profinet-i-protocols-de-camp\\\/\",\"url\":\"https:\\\/\\\/alding.cat\\\/producte\\\/formacio-practica-en-comunicacio-industrial-opc-ua-profinet-i-protocols-de-camp\\\/\",\"name\":\"Formaci\u00f3 pr\u00e0ctica en comunicaci\u00f3 industrial: OPC UA, Profinet i protocols de camp - Alding\",\"isPartOf\":{\"@id\":\"https:\\\/\\\/alding.cat\\\/#website\"},\"primaryImageOfPage\":{\"@id\":\"https:\\\/\\\/alding.cat\\\/producte\\\/formacio-practica-en-comunicacio-industrial-opc-ua-profinet-i-protocols-de-camp\\\/#primaryimage\"},\"image\":{\"@id\":\"https:\\\/\\\/alding.cat\\\/producte\\\/formacio-practica-en-comunicacio-industrial-opc-ua-profinet-i-protocols-de-camp\\\/#primaryimage\"},\"thumbnailUrl\":\"https:\\\/\\\/alding.cat\\\/wp-content\\\/uploads\\\/2025\\\/07\\\/PHOTO-2025-05-29-08-21-00.jpg\",\"datePublished\":\"2025-07-24T15:23:03+00:00\",\"dateModified\":\"2025-07-24T15:24:09+00:00\",\"breadcrumb\":{\"@id\":\"https:\\\/\\\/alding.cat\\\/producte\\\/formacio-practica-en-comunicacio-industrial-opc-ua-profinet-i-protocols-de-camp\\\/#breadcrumb\"},\"inLanguage\":\"ca\",\"potentialAction\":[{\"@type\":\"ReadAction\",\"target\":[\"https:\\\/\\\/alding.cat\\\/producte\\\/formacio-practica-en-comunicacio-industrial-opc-ua-profinet-i-protocols-de-camp\\\/\"]}]},{\"@type\":\"ImageObject\",\"inLanguage\":\"ca\",\"@id\":\"https:\\\/\\\/alding.cat\\\/producte\\\/formacio-practica-en-comunicacio-industrial-opc-ua-profinet-i-protocols-de-camp\\\/#primaryimage\",\"url\":\"https:\\\/\\\/alding.cat\\\/wp-content\\\/uploads\\\/2025\\\/07\\\/PHOTO-2025-05-29-08-21-00.jpg\",\"contentUrl\":\"https:\\\/\\\/alding.cat\\\/wp-content\\\/uploads\\\/2025\\\/07\\\/PHOTO-2025-05-29-08-21-00.jpg\",\"width\":1600,\"height\":720},{\"@type\":\"BreadcrumbList\",\"@id\":\"https:\\\/\\\/alding.cat\\\/producte\\\/formacio-practica-en-comunicacio-industrial-opc-ua-profinet-i-protocols-de-camp\\\/#breadcrumb\",\"itemListElement\":[{\"@type\":\"ListItem\",\"position\":1,\"name\":\"Portada\",\"item\":\"https:\\\/\\\/alding.cat\\\/\"},{\"@type\":\"ListItem\",\"position\":2,\"name\":\"Botiga\",\"item\":\"https:\\\/\\\/alding.cat\\\/botiga\\\/\"},{\"@type\":\"ListItem\",\"position\":3,\"name\":\"Formaci\u00f3 pr\u00e0ctica en comunicaci\u00f3 industrial: OPC UA, Profinet i protocols de camp\"}]},{\"@type\":\"WebSite\",\"@id\":\"https:\\\/\\\/alding.cat\\\/#website\",\"url\":\"https:\\\/\\\/alding.cat\\\/\",\"name\":\"Alding\",\"description\":\"Smart Buildings\",\"potentialAction\":[{\"@type\":\"SearchAction\",\"target\":{\"@type\":\"EntryPoint\",\"urlTemplate\":\"https:\\\/\\\/alding.cat\\\/?s={search_term_string}\"},\"query-input\":{\"@type\":\"PropertyValueSpecification\",\"valueRequired\":true,\"valueName\":\"search_term_string\"}}],\"inLanguage\":\"ca\"}]}<\/script>\n<!-- \/ Yoast SEO plugin. -->","yoast_head_json":{"title":"Formaci\u00f3 pr\u00e0ctica en comunicaci\u00f3 industrial: OPC UA, Profinet i protocols de camp - Alding","robots":{"index":"noindex","follow":"follow"},"og_locale":"ca_ES","og_type":"article","og_title":"Formaci\u00f3 pr\u00e0ctica en comunicaci\u00f3 industrial: OPC UA, Profinet i protocols de camp - Alding","og_description":"Qu\u00e8 aprendr\u00e0s? Principis de comunicaci\u00f3 industrial i arquitectura de xarxes Funcionament i configuraci\u00f3 de protocols com OPC UA, Profinet, Modbus, EtherCAT i Profibus Integraci\u00f3 de dispositius i intercanvi de dades entre equips de control Configuraci\u00f3 de comunicaci\u00f3 entre PLCs, HMI i sistemes SCADA Resoluci\u00f3 d\u2019errors i diagn\u00f2stic de xarxa Bones pr\u00e0ctiques en seguretat i interoperabilitat [&hellip;]","og_url":"https:\/\/alding.cat\/producte\/formacio-practica-en-comunicacio-industrial-opc-ua-profinet-i-protocols-de-camp\/","og_site_name":"Alding","article_modified_time":"2025-07-24T15:24:09+00:00","og_image":[{"width":1600,"height":720,"url":"https:\/\/alding.cat\/wp-content\/uploads\/2025\/07\/PHOTO-2025-05-29-08-21-00.jpg","type":"image\/jpeg"}],"twitter_card":"summary_large_image","twitter_misc":{"Temps estimat de lectura":"1 minut"},"schema":{"@context":"https:\/\/schema.org","@graph":[{"@type":"WebPage","@id":"https:\/\/alding.cat\/producte\/formacio-practica-en-comunicacio-industrial-opc-ua-profinet-i-protocols-de-camp\/","url":"https:\/\/alding.cat\/producte\/formacio-practica-en-comunicacio-industrial-opc-ua-profinet-i-protocols-de-camp\/","name":"Formaci\u00f3 pr\u00e0ctica en comunicaci\u00f3 industrial: OPC UA, Profinet i protocols de camp - Alding","isPartOf":{"@id":"https:\/\/alding.cat\/#website"},"primaryImageOfPage":{"@id":"https:\/\/alding.cat\/producte\/formacio-practica-en-comunicacio-industrial-opc-ua-profinet-i-protocols-de-camp\/#primaryimage"},"image":{"@id":"https:\/\/alding.cat\/producte\/formacio-practica-en-comunicacio-industrial-opc-ua-profinet-i-protocols-de-camp\/#primaryimage"},"thumbnailUrl":"https:\/\/alding.cat\/wp-content\/uploads\/2025\/07\/PHOTO-2025-05-29-08-21-00.jpg","datePublished":"2025-07-24T15:23:03+00:00","dateModified":"2025-07-24T15:24:09+00:00","breadcrumb":{"@id":"https:\/\/alding.cat\/producte\/formacio-practica-en-comunicacio-industrial-opc-ua-profinet-i-protocols-de-camp\/#breadcrumb"},"inLanguage":"ca","potentialAction":[{"@type":"ReadAction","target":["https:\/\/alding.cat\/producte\/formacio-practica-en-comunicacio-industrial-opc-ua-profinet-i-protocols-de-camp\/"]}]},{"@type":"ImageObject","inLanguage":"ca","@id":"https:\/\/alding.cat\/producte\/formacio-practica-en-comunicacio-industrial-opc-ua-profinet-i-protocols-de-camp\/#primaryimage","url":"https:\/\/alding.cat\/wp-content\/uploads\/2025\/07\/PHOTO-2025-05-29-08-21-00.jpg","contentUrl":"https:\/\/alding.cat\/wp-content\/uploads\/2025\/07\/PHOTO-2025-05-29-08-21-00.jpg","width":1600,"height":720},{"@type":"BreadcrumbList","@id":"https:\/\/alding.cat\/producte\/formacio-practica-en-comunicacio-industrial-opc-ua-profinet-i-protocols-de-camp\/#breadcrumb","itemListElement":[{"@type":"ListItem","position":1,"name":"Portada","item":"https:\/\/alding.cat\/"},{"@type":"ListItem","position":2,"name":"Botiga","item":"https:\/\/alding.cat\/botiga\/"},{"@type":"ListItem","position":3,"name":"Formaci\u00f3 pr\u00e0ctica en comunicaci\u00f3 industrial: OPC UA, Profinet i protocols de camp"}]},{"@type":"WebSite","@id":"https:\/\/alding.cat\/#website","url":"https:\/\/alding.cat\/","name":"Alding","description":"Smart Buildings","potentialAction":[{"@type":"SearchAction","target":{"@type":"EntryPoint","urlTemplate":"https:\/\/alding.cat\/?s={search_term_string}"},"query-input":{"@type":"PropertyValueSpecification","valueRequired":true,"valueName":"search_term_string"}}],"inLanguage":"ca"}]}},"_links":{"self":[{"href":"https:\/\/alding.cat\/ca\/wp-json\/wp\/v2\/product\/1593","targetHints":{"allow":["GET"]}}],"collection":[{"href":"https:\/\/alding.cat\/ca\/wp-json\/wp\/v2\/product"}],"about":[{"href":"https:\/\/alding.cat\/ca\/wp-json\/wp\/v2\/types\/product"}],"replies":[{"embeddable":true,"href":"https:\/\/alding.cat\/ca\/wp-json\/wp\/v2\/comments?post=1593"}],"wp:featuredmedia":[{"embeddable":true,"href":"https:\/\/alding.cat\/ca\/wp-json\/wp\/v2\/media\/1530"}],"wp:attachment":[{"href":"https:\/\/alding.cat\/ca\/wp-json\/wp\/v2\/media?parent=1593"}],"wp:term":[{"taxonomy":"product_brand","embeddable":true,"href":"https:\/\/alding.cat\/ca\/wp-json\/wp\/v2\/product_brand?post=1593"},{"taxonomy":"product_cat","embeddable":true,"href":"https:\/\/alding.cat\/ca\/wp-json\/wp\/v2\/product_cat?post=1593"},{"taxonomy":"product_tag","embeddable":true,"href":"https:\/\/alding.cat\/ca\/wp-json\/wp\/v2\/product_tag?post=1593"}],"curies":[{"name":"wp","href":"https:\/\/api.w.org\/{rel}","templated":true}]}}