{"id":1590,"date":"2025-07-24T17:09:19","date_gmt":"2025-07-24T15:09:19","guid":{"rendered":"https:\/\/alding.cat\/?post_type=product&#038;p=1590"},"modified":"2025-07-24T17:13:00","modified_gmt":"2025-07-24T15:13:00","slug":"ciberseguretat-industrial-per-entorns-dautomatitzacio","status":"publish","type":"product","link":"https:\/\/alding.cat\/ca\/producte\/ciberseguretat-industrial-per-entorns-dautomatitzacio\/","title":{"rendered":"Ciberseguretat industrial per entorns d&#8217;automatitzaci\u00f3"},"content":{"rendered":"<p data-start=\"104\" data-end=\"122\"><strong data-start=\"104\" data-end=\"122\">Qu\u00e8 aprendr\u00e0s?<\/strong><\/p>\n<ul data-start=\"124\" data-end=\"552\">\n<li data-start=\"124\" data-end=\"192\">\n<p data-start=\"126\" data-end=\"192\">Principis b\u00e0sics de ciberseguretat aplicats a l\u2019\u00e0mbit industrial<\/p>\n<\/li>\n<li data-start=\"193\" data-end=\"273\">\n<p data-start=\"195\" data-end=\"273\">Amenaces habituals en sistemes d&#8217;automatitzaci\u00f3 i control (ICS, SCADA, PLCs)<\/p>\n<\/li>\n<li data-start=\"274\" data-end=\"346\">\n<p data-start=\"276\" data-end=\"346\">Bones pr\u00e0ctiques per protegir xarxes OT i infraestructures cr\u00edtiques<\/p>\n<\/li>\n<li data-start=\"347\" data-end=\"419\">\n<p data-start=\"349\" data-end=\"419\">Normatives i est\u00e0ndards com IEC 62443 o NIST per entorns industrials<\/p>\n<\/li>\n<li data-start=\"420\" data-end=\"493\">\n<p data-start=\"422\" data-end=\"493\">Eines de monitoritzaci\u00f3, detecci\u00f3 d\u2019intrusions i resposta a incidents<\/p>\n<\/li>\n<li data-start=\"494\" data-end=\"552\">\n<p data-start=\"496\" data-end=\"552\">Estrat\u00e8gies de segmentaci\u00f3 de xarxes i gesti\u00f3 d\u2019accessos<\/p>\n<\/li>\n<\/ul>\n<p data-start=\"554\" data-end=\"733\"><strong data-start=\"554\" data-end=\"575\">A qui va dirigit?<\/strong><br data-start=\"575\" data-end=\"578\" \/>Enginyers, t\u00e8cnics d&#8217;automatitzaci\u00f3, responsables de TI\/OT i professionals que vulguin protegir els seus sistemes industrials davant de riscos cibern\u00e8tics.<\/p>\n<p data-start=\"735\" data-end=\"827\"><strong data-start=\"735\" data-end=\"745\">Durada<\/strong><br data-start=\"745\" data-end=\"748\" \/>20 hores presencials o en format h\u00edbrid (sessions te\u00f2riques + tallers pr\u00e0ctics)<\/p>\n","protected":false},"excerpt":{"rendered":"<p>Qu\u00e8 aprendr\u00e0s? Principis b\u00e0sics de ciberseguretat aplicats a l\u2019\u00e0mbit industrial Amenaces habituals en sistemes d&#8217;automatitzaci\u00f3 i control (ICS, SCADA, PLCs) Bones pr\u00e0ctiques per protegir xarxes OT i infraestructures cr\u00edtiques Normatives i est\u00e0ndards com IEC 62443 o NIST per entorns industrials Eines de monitoritzaci\u00f3, detecci\u00f3 d\u2019intrusions i resposta a incidents Estrat\u00e8gies de segmentaci\u00f3 de xarxes i [&hellip;]<\/p>\n","protected":false},"featured_media":1509,"comment_status":"closed","ping_status":"closed","template":"","meta":{"_acf_changed":false,"inline_featured_image":false},"product_brand":[],"product_cat":[47],"product_tag":[],"class_list":{"0":"post-1590","1":"product","2":"type-product","3":"status-publish","4":"has-post-thumbnail","6":"product_cat-sense-categoria","8":"first","9":"instock","10":"virtual","11":"purchasable","12":"product-type-simple"},"acf":[],"yoast_head":"<!-- This site is optimized with the Yoast SEO plugin v27.4 - https:\/\/yoast.com\/product\/yoast-seo-wordpress\/ -->\n<title>Ciberseguretat industrial per entorns d&#039;automatitzaci\u00f3 - Alding<\/title>\n<meta name=\"robots\" content=\"noindex, follow\" \/>\n<meta property=\"og:locale\" content=\"ca_ES\" \/>\n<meta property=\"og:type\" content=\"article\" \/>\n<meta property=\"og:title\" content=\"Ciberseguretat industrial per entorns d&#039;automatitzaci\u00f3 - Alding\" \/>\n<meta property=\"og:description\" content=\"Qu\u00e8 aprendr\u00e0s? Principis b\u00e0sics de ciberseguretat aplicats a l\u2019\u00e0mbit industrial Amenaces habituals en sistemes d&#8217;automatitzaci\u00f3 i control (ICS, SCADA, PLCs) Bones pr\u00e0ctiques per protegir xarxes OT i infraestructures cr\u00edtiques Normatives i est\u00e0ndards com IEC 62443 o NIST per entorns industrials Eines de monitoritzaci\u00f3, detecci\u00f3 d\u2019intrusions i resposta a incidents Estrat\u00e8gies de segmentaci\u00f3 de xarxes i [&hellip;]\" \/>\n<meta property=\"og:url\" content=\"https:\/\/alding.cat\/producte\/ciberseguretat-industrial-per-entorns-dautomatitzacio\/\" \/>\n<meta property=\"og:site_name\" content=\"Alding\" \/>\n<meta property=\"article:modified_time\" content=\"2025-07-24T15:13:00+00:00\" \/>\n<meta property=\"og:image\" content=\"https:\/\/alding.cat\/wp-content\/uploads\/2025\/07\/PHOTO-2025-05-27-08-29-06-1-1.jpg\" \/>\n\t<meta property=\"og:image:width\" content=\"1600\" \/>\n\t<meta property=\"og:image:height\" content=\"900\" \/>\n\t<meta property=\"og:image:type\" content=\"image\/jpeg\" \/>\n<meta name=\"twitter:card\" content=\"summary_large_image\" \/>\n<meta name=\"twitter:label1\" content=\"Temps estimat de lectura\" \/>\n\t<meta name=\"twitter:data1\" content=\"1 minut\" \/>\n<script type=\"application\/ld+json\" class=\"yoast-schema-graph\">{\"@context\":\"https:\\\/\\\/schema.org\",\"@graph\":[{\"@type\":\"WebPage\",\"@id\":\"https:\\\/\\\/alding.cat\\\/producte\\\/ciberseguretat-industrial-per-entorns-dautomatitzacio\\\/\",\"url\":\"https:\\\/\\\/alding.cat\\\/producte\\\/ciberseguretat-industrial-per-entorns-dautomatitzacio\\\/\",\"name\":\"Ciberseguretat industrial per entorns d'automatitzaci\u00f3 - Alding\",\"isPartOf\":{\"@id\":\"https:\\\/\\\/alding.cat\\\/#website\"},\"primaryImageOfPage\":{\"@id\":\"https:\\\/\\\/alding.cat\\\/producte\\\/ciberseguretat-industrial-per-entorns-dautomatitzacio\\\/#primaryimage\"},\"image\":{\"@id\":\"https:\\\/\\\/alding.cat\\\/producte\\\/ciberseguretat-industrial-per-entorns-dautomatitzacio\\\/#primaryimage\"},\"thumbnailUrl\":\"https:\\\/\\\/alding.cat\\\/wp-content\\\/uploads\\\/2025\\\/07\\\/PHOTO-2025-05-27-08-29-06-1-1.jpg\",\"datePublished\":\"2025-07-24T15:09:19+00:00\",\"dateModified\":\"2025-07-24T15:13:00+00:00\",\"breadcrumb\":{\"@id\":\"https:\\\/\\\/alding.cat\\\/producte\\\/ciberseguretat-industrial-per-entorns-dautomatitzacio\\\/#breadcrumb\"},\"inLanguage\":\"ca\",\"potentialAction\":[{\"@type\":\"ReadAction\",\"target\":[\"https:\\\/\\\/alding.cat\\\/producte\\\/ciberseguretat-industrial-per-entorns-dautomatitzacio\\\/\"]}]},{\"@type\":\"ImageObject\",\"inLanguage\":\"ca\",\"@id\":\"https:\\\/\\\/alding.cat\\\/producte\\\/ciberseguretat-industrial-per-entorns-dautomatitzacio\\\/#primaryimage\",\"url\":\"https:\\\/\\\/alding.cat\\\/wp-content\\\/uploads\\\/2025\\\/07\\\/PHOTO-2025-05-27-08-29-06-1-1.jpg\",\"contentUrl\":\"https:\\\/\\\/alding.cat\\\/wp-content\\\/uploads\\\/2025\\\/07\\\/PHOTO-2025-05-27-08-29-06-1-1.jpg\",\"width\":1600,\"height\":900},{\"@type\":\"BreadcrumbList\",\"@id\":\"https:\\\/\\\/alding.cat\\\/producte\\\/ciberseguretat-industrial-per-entorns-dautomatitzacio\\\/#breadcrumb\",\"itemListElement\":[{\"@type\":\"ListItem\",\"position\":1,\"name\":\"Portada\",\"item\":\"https:\\\/\\\/alding.cat\\\/\"},{\"@type\":\"ListItem\",\"position\":2,\"name\":\"Botiga\",\"item\":\"https:\\\/\\\/alding.cat\\\/botiga\\\/\"},{\"@type\":\"ListItem\",\"position\":3,\"name\":\"Ciberseguretat industrial per entorns d&#8217;automatitzaci\u00f3\"}]},{\"@type\":\"WebSite\",\"@id\":\"https:\\\/\\\/alding.cat\\\/#website\",\"url\":\"https:\\\/\\\/alding.cat\\\/\",\"name\":\"Alding\",\"description\":\"Smart Buildings\",\"potentialAction\":[{\"@type\":\"SearchAction\",\"target\":{\"@type\":\"EntryPoint\",\"urlTemplate\":\"https:\\\/\\\/alding.cat\\\/?s={search_term_string}\"},\"query-input\":{\"@type\":\"PropertyValueSpecification\",\"valueRequired\":true,\"valueName\":\"search_term_string\"}}],\"inLanguage\":\"ca\"}]}<\/script>\n<!-- \/ Yoast SEO plugin. -->","yoast_head_json":{"title":"Ciberseguretat industrial per entorns d'automatitzaci\u00f3 - Alding","robots":{"index":"noindex","follow":"follow"},"og_locale":"ca_ES","og_type":"article","og_title":"Ciberseguretat industrial per entorns d'automatitzaci\u00f3 - Alding","og_description":"Qu\u00e8 aprendr\u00e0s? Principis b\u00e0sics de ciberseguretat aplicats a l\u2019\u00e0mbit industrial Amenaces habituals en sistemes d&#8217;automatitzaci\u00f3 i control (ICS, SCADA, PLCs) Bones pr\u00e0ctiques per protegir xarxes OT i infraestructures cr\u00edtiques Normatives i est\u00e0ndards com IEC 62443 o NIST per entorns industrials Eines de monitoritzaci\u00f3, detecci\u00f3 d\u2019intrusions i resposta a incidents Estrat\u00e8gies de segmentaci\u00f3 de xarxes i [&hellip;]","og_url":"https:\/\/alding.cat\/producte\/ciberseguretat-industrial-per-entorns-dautomatitzacio\/","og_site_name":"Alding","article_modified_time":"2025-07-24T15:13:00+00:00","og_image":[{"width":1600,"height":900,"url":"https:\/\/alding.cat\/wp-content\/uploads\/2025\/07\/PHOTO-2025-05-27-08-29-06-1-1.jpg","type":"image\/jpeg"}],"twitter_card":"summary_large_image","twitter_misc":{"Temps estimat de lectura":"1 minut"},"schema":{"@context":"https:\/\/schema.org","@graph":[{"@type":"WebPage","@id":"https:\/\/alding.cat\/producte\/ciberseguretat-industrial-per-entorns-dautomatitzacio\/","url":"https:\/\/alding.cat\/producte\/ciberseguretat-industrial-per-entorns-dautomatitzacio\/","name":"Ciberseguretat industrial per entorns d'automatitzaci\u00f3 - Alding","isPartOf":{"@id":"https:\/\/alding.cat\/#website"},"primaryImageOfPage":{"@id":"https:\/\/alding.cat\/producte\/ciberseguretat-industrial-per-entorns-dautomatitzacio\/#primaryimage"},"image":{"@id":"https:\/\/alding.cat\/producte\/ciberseguretat-industrial-per-entorns-dautomatitzacio\/#primaryimage"},"thumbnailUrl":"https:\/\/alding.cat\/wp-content\/uploads\/2025\/07\/PHOTO-2025-05-27-08-29-06-1-1.jpg","datePublished":"2025-07-24T15:09:19+00:00","dateModified":"2025-07-24T15:13:00+00:00","breadcrumb":{"@id":"https:\/\/alding.cat\/producte\/ciberseguretat-industrial-per-entorns-dautomatitzacio\/#breadcrumb"},"inLanguage":"ca","potentialAction":[{"@type":"ReadAction","target":["https:\/\/alding.cat\/producte\/ciberseguretat-industrial-per-entorns-dautomatitzacio\/"]}]},{"@type":"ImageObject","inLanguage":"ca","@id":"https:\/\/alding.cat\/producte\/ciberseguretat-industrial-per-entorns-dautomatitzacio\/#primaryimage","url":"https:\/\/alding.cat\/wp-content\/uploads\/2025\/07\/PHOTO-2025-05-27-08-29-06-1-1.jpg","contentUrl":"https:\/\/alding.cat\/wp-content\/uploads\/2025\/07\/PHOTO-2025-05-27-08-29-06-1-1.jpg","width":1600,"height":900},{"@type":"BreadcrumbList","@id":"https:\/\/alding.cat\/producte\/ciberseguretat-industrial-per-entorns-dautomatitzacio\/#breadcrumb","itemListElement":[{"@type":"ListItem","position":1,"name":"Portada","item":"https:\/\/alding.cat\/"},{"@type":"ListItem","position":2,"name":"Botiga","item":"https:\/\/alding.cat\/botiga\/"},{"@type":"ListItem","position":3,"name":"Ciberseguretat industrial per entorns d&#8217;automatitzaci\u00f3"}]},{"@type":"WebSite","@id":"https:\/\/alding.cat\/#website","url":"https:\/\/alding.cat\/","name":"Alding","description":"Smart Buildings","potentialAction":[{"@type":"SearchAction","target":{"@type":"EntryPoint","urlTemplate":"https:\/\/alding.cat\/?s={search_term_string}"},"query-input":{"@type":"PropertyValueSpecification","valueRequired":true,"valueName":"search_term_string"}}],"inLanguage":"ca"}]}},"_links":{"self":[{"href":"https:\/\/alding.cat\/ca\/wp-json\/wp\/v2\/product\/1590","targetHints":{"allow":["GET"]}}],"collection":[{"href":"https:\/\/alding.cat\/ca\/wp-json\/wp\/v2\/product"}],"about":[{"href":"https:\/\/alding.cat\/ca\/wp-json\/wp\/v2\/types\/product"}],"replies":[{"embeddable":true,"href":"https:\/\/alding.cat\/ca\/wp-json\/wp\/v2\/comments?post=1590"}],"wp:featuredmedia":[{"embeddable":true,"href":"https:\/\/alding.cat\/ca\/wp-json\/wp\/v2\/media\/1509"}],"wp:attachment":[{"href":"https:\/\/alding.cat\/ca\/wp-json\/wp\/v2\/media?parent=1590"}],"wp:term":[{"taxonomy":"product_brand","embeddable":true,"href":"https:\/\/alding.cat\/ca\/wp-json\/wp\/v2\/product_brand?post=1590"},{"taxonomy":"product_cat","embeddable":true,"href":"https:\/\/alding.cat\/ca\/wp-json\/wp\/v2\/product_cat?post=1590"},{"taxonomy":"product_tag","embeddable":true,"href":"https:\/\/alding.cat\/ca\/wp-json\/wp\/v2\/product_tag?post=1590"}],"curies":[{"name":"wp","href":"https:\/\/api.w.org\/{rel}","templated":true}]}}