{"id":1589,"date":"2025-07-24T17:08:07","date_gmt":"2025-07-24T15:08:07","guid":{"rendered":"https:\/\/alding.cat\/?post_type=product&#038;p=1589"},"modified":"2025-07-24T17:13:23","modified_gmt":"2025-07-24T15:13:23","slug":"introduccio-a-la-industria-4-0-i-digitalitzacio-de-processos-productius","status":"publish","type":"product","link":"https:\/\/alding.cat\/ca\/producte\/introduccio-a-la-industria-4-0-i-digitalitzacio-de-processos-productius\/","title":{"rendered":"Introducci\u00f3 a la Ind\u00fastria 4.0 i digitalitzaci\u00f3 de processos productius"},"content":{"rendered":"<p data-start=\"121\" data-end=\"139\"><strong data-start=\"121\" data-end=\"139\">Qu\u00e8 aprendr\u00e0s?<\/strong><\/p>\n<ul data-start=\"141\" data-end=\"579\">\n<li data-start=\"141\" data-end=\"215\">\n<p data-start=\"143\" data-end=\"215\">Conceptes fonamentals de la Ind\u00fastria 4.0 i les seves tecnologies clau<\/p>\n<\/li>\n<li data-start=\"216\" data-end=\"319\">\n<p data-start=\"218\" data-end=\"319\">Com digitalitzar processos productius mitjan\u00e7ant sensors, PLCs i sistemes de comunicaci\u00f3 industrial<\/p>\n<\/li>\n<li data-start=\"320\" data-end=\"385\">\n<p data-start=\"322\" data-end=\"385\">Integraci\u00f3 de dades en temps real per a la presa de decisions<\/p>\n<\/li>\n<li data-start=\"386\" data-end=\"441\">\n<p data-start=\"388\" data-end=\"441\">Casos d&#8217;\u00fas de digitalitzaci\u00f3 en entorns industrials<\/p>\n<\/li>\n<li data-start=\"442\" data-end=\"502\">\n<p data-start=\"444\" data-end=\"502\">Introducci\u00f3 a IoT industrial, MES i sistemes ciberf\u00edsics<\/p>\n<\/li>\n<li data-start=\"503\" data-end=\"579\">\n<p data-start=\"505\" data-end=\"579\">Principis b\u00e0sics de ciberseguretat i interoperabilitat en entorns digitals<\/p>\n<\/li>\n<\/ul>\n<p data-start=\"581\" data-end=\"789\"><strong data-start=\"581\" data-end=\"602\">A qui va dirigit?<\/strong><br data-start=\"602\" data-end=\"605\" \/>Professionals del sector industrial, t\u00e8cnics, responsables de producci\u00f3 i estudiants que vulguin entendre els fonaments de la transformaci\u00f3 digital i com aplicar-los a la seva empresa.<\/p>\n<p data-start=\"791\" data-end=\"892\"><strong data-start=\"791\" data-end=\"801\">Durada<\/strong><br data-start=\"801\" data-end=\"804\" \/>20 hores presencials o en format h\u00edbrid (sessions te\u00f2riques + pr\u00e0ctiques introduct\u00f2ries)<\/p>\n","protected":false},"excerpt":{"rendered":"<p>Qu\u00e8 aprendr\u00e0s? Conceptes fonamentals de la Ind\u00fastria 4.0 i les seves tecnologies clau Com digitalitzar processos productius mitjan\u00e7ant sensors, PLCs i sistemes de comunicaci\u00f3 industrial Integraci\u00f3 de dades en temps real per a la presa de decisions Casos d&#8217;\u00fas de digitalitzaci\u00f3 en entorns industrials Introducci\u00f3 a IoT industrial, MES i sistemes ciberf\u00edsics Principis b\u00e0sics de [&hellip;]<\/p>\n","protected":false},"featured_media":1524,"comment_status":"closed","ping_status":"closed","template":"","meta":{"_acf_changed":false,"inline_featured_image":false},"product_brand":[],"product_cat":[47],"product_tag":[],"class_list":{"0":"post-1589","1":"product","2":"type-product","3":"status-publish","4":"has-post-thumbnail","6":"product_cat-sense-categoria","8":"first","9":"instock","10":"virtual","11":"purchasable","12":"product-type-simple"},"acf":[],"yoast_head":"<!-- This site is optimized with the Yoast SEO plugin v27.4 - https:\/\/yoast.com\/product\/yoast-seo-wordpress\/ -->\n<title>Introducci\u00f3 a la Ind\u00fastria 4.0 i digitalitzaci\u00f3 de processos productius - Alding<\/title>\n<meta name=\"robots\" content=\"noindex, follow\" \/>\n<meta property=\"og:locale\" content=\"ca_ES\" \/>\n<meta property=\"og:type\" content=\"article\" \/>\n<meta property=\"og:title\" content=\"Introducci\u00f3 a la Ind\u00fastria 4.0 i digitalitzaci\u00f3 de processos productius - Alding\" \/>\n<meta property=\"og:description\" content=\"Qu\u00e8 aprendr\u00e0s? Conceptes fonamentals de la Ind\u00fastria 4.0 i les seves tecnologies clau Com digitalitzar processos productius mitjan\u00e7ant sensors, PLCs i sistemes de comunicaci\u00f3 industrial Integraci\u00f3 de dades en temps real per a la presa de decisions Casos d&#8217;\u00fas de digitalitzaci\u00f3 en entorns industrials Introducci\u00f3 a IoT industrial, MES i sistemes ciberf\u00edsics Principis b\u00e0sics de [&hellip;]\" \/>\n<meta property=\"og:url\" content=\"https:\/\/alding.cat\/producte\/introduccio-a-la-industria-4-0-i-digitalitzacio-de-processos-productius\/\" \/>\n<meta property=\"og:site_name\" content=\"Alding\" \/>\n<meta property=\"article:modified_time\" content=\"2025-07-24T15:13:23+00:00\" \/>\n<meta property=\"og:image\" content=\"https:\/\/alding.cat\/wp-content\/uploads\/2025\/07\/PHOTO-2025-05-29-08-21-08-1-1.jpg\" \/>\n\t<meta property=\"og:image:width\" content=\"1600\" \/>\n\t<meta property=\"og:image:height\" content=\"720\" \/>\n\t<meta property=\"og:image:type\" content=\"image\/jpeg\" \/>\n<meta name=\"twitter:card\" content=\"summary_large_image\" \/>\n<meta name=\"twitter:label1\" content=\"Temps estimat de lectura\" \/>\n\t<meta name=\"twitter:data1\" content=\"1 minut\" \/>\n<script type=\"application\/ld+json\" class=\"yoast-schema-graph\">{\"@context\":\"https:\\\/\\\/schema.org\",\"@graph\":[{\"@type\":\"WebPage\",\"@id\":\"https:\\\/\\\/alding.cat\\\/producte\\\/introduccio-a-la-industria-4-0-i-digitalitzacio-de-processos-productius\\\/\",\"url\":\"https:\\\/\\\/alding.cat\\\/producte\\\/introduccio-a-la-industria-4-0-i-digitalitzacio-de-processos-productius\\\/\",\"name\":\"Introducci\u00f3 a la Ind\u00fastria 4.0 i digitalitzaci\u00f3 de processos productius - Alding\",\"isPartOf\":{\"@id\":\"https:\\\/\\\/alding.cat\\\/#website\"},\"primaryImageOfPage\":{\"@id\":\"https:\\\/\\\/alding.cat\\\/producte\\\/introduccio-a-la-industria-4-0-i-digitalitzacio-de-processos-productius\\\/#primaryimage\"},\"image\":{\"@id\":\"https:\\\/\\\/alding.cat\\\/producte\\\/introduccio-a-la-industria-4-0-i-digitalitzacio-de-processos-productius\\\/#primaryimage\"},\"thumbnailUrl\":\"https:\\\/\\\/alding.cat\\\/wp-content\\\/uploads\\\/2025\\\/07\\\/PHOTO-2025-05-29-08-21-08-1-1.jpg\",\"datePublished\":\"2025-07-24T15:08:07+00:00\",\"dateModified\":\"2025-07-24T15:13:23+00:00\",\"breadcrumb\":{\"@id\":\"https:\\\/\\\/alding.cat\\\/producte\\\/introduccio-a-la-industria-4-0-i-digitalitzacio-de-processos-productius\\\/#breadcrumb\"},\"inLanguage\":\"ca\",\"potentialAction\":[{\"@type\":\"ReadAction\",\"target\":[\"https:\\\/\\\/alding.cat\\\/producte\\\/introduccio-a-la-industria-4-0-i-digitalitzacio-de-processos-productius\\\/\"]}]},{\"@type\":\"ImageObject\",\"inLanguage\":\"ca\",\"@id\":\"https:\\\/\\\/alding.cat\\\/producte\\\/introduccio-a-la-industria-4-0-i-digitalitzacio-de-processos-productius\\\/#primaryimage\",\"url\":\"https:\\\/\\\/alding.cat\\\/wp-content\\\/uploads\\\/2025\\\/07\\\/PHOTO-2025-05-29-08-21-08-1-1.jpg\",\"contentUrl\":\"https:\\\/\\\/alding.cat\\\/wp-content\\\/uploads\\\/2025\\\/07\\\/PHOTO-2025-05-29-08-21-08-1-1.jpg\",\"width\":1600,\"height\":720},{\"@type\":\"BreadcrumbList\",\"@id\":\"https:\\\/\\\/alding.cat\\\/producte\\\/introduccio-a-la-industria-4-0-i-digitalitzacio-de-processos-productius\\\/#breadcrumb\",\"itemListElement\":[{\"@type\":\"ListItem\",\"position\":1,\"name\":\"Portada\",\"item\":\"https:\\\/\\\/alding.cat\\\/\"},{\"@type\":\"ListItem\",\"position\":2,\"name\":\"Botiga\",\"item\":\"https:\\\/\\\/alding.cat\\\/botiga\\\/\"},{\"@type\":\"ListItem\",\"position\":3,\"name\":\"Introducci\u00f3 a la Ind\u00fastria 4.0 i digitalitzaci\u00f3 de processos productius\"}]},{\"@type\":\"WebSite\",\"@id\":\"https:\\\/\\\/alding.cat\\\/#website\",\"url\":\"https:\\\/\\\/alding.cat\\\/\",\"name\":\"Alding\",\"description\":\"Smart Buildings\",\"potentialAction\":[{\"@type\":\"SearchAction\",\"target\":{\"@type\":\"EntryPoint\",\"urlTemplate\":\"https:\\\/\\\/alding.cat\\\/?s={search_term_string}\"},\"query-input\":{\"@type\":\"PropertyValueSpecification\",\"valueRequired\":true,\"valueName\":\"search_term_string\"}}],\"inLanguage\":\"ca\"}]}<\/script>\n<!-- \/ Yoast SEO plugin. -->","yoast_head_json":{"title":"Introducci\u00f3 a la Ind\u00fastria 4.0 i digitalitzaci\u00f3 de processos productius - Alding","robots":{"index":"noindex","follow":"follow"},"og_locale":"ca_ES","og_type":"article","og_title":"Introducci\u00f3 a la Ind\u00fastria 4.0 i digitalitzaci\u00f3 de processos productius - Alding","og_description":"Qu\u00e8 aprendr\u00e0s? Conceptes fonamentals de la Ind\u00fastria 4.0 i les seves tecnologies clau Com digitalitzar processos productius mitjan\u00e7ant sensors, PLCs i sistemes de comunicaci\u00f3 industrial Integraci\u00f3 de dades en temps real per a la presa de decisions Casos d&#8217;\u00fas de digitalitzaci\u00f3 en entorns industrials Introducci\u00f3 a IoT industrial, MES i sistemes ciberf\u00edsics Principis b\u00e0sics de [&hellip;]","og_url":"https:\/\/alding.cat\/producte\/introduccio-a-la-industria-4-0-i-digitalitzacio-de-processos-productius\/","og_site_name":"Alding","article_modified_time":"2025-07-24T15:13:23+00:00","og_image":[{"width":1600,"height":720,"url":"https:\/\/alding.cat\/wp-content\/uploads\/2025\/07\/PHOTO-2025-05-29-08-21-08-1-1.jpg","type":"image\/jpeg"}],"twitter_card":"summary_large_image","twitter_misc":{"Temps estimat de lectura":"1 minut"},"schema":{"@context":"https:\/\/schema.org","@graph":[{"@type":"WebPage","@id":"https:\/\/alding.cat\/producte\/introduccio-a-la-industria-4-0-i-digitalitzacio-de-processos-productius\/","url":"https:\/\/alding.cat\/producte\/introduccio-a-la-industria-4-0-i-digitalitzacio-de-processos-productius\/","name":"Introducci\u00f3 a la Ind\u00fastria 4.0 i digitalitzaci\u00f3 de processos productius - Alding","isPartOf":{"@id":"https:\/\/alding.cat\/#website"},"primaryImageOfPage":{"@id":"https:\/\/alding.cat\/producte\/introduccio-a-la-industria-4-0-i-digitalitzacio-de-processos-productius\/#primaryimage"},"image":{"@id":"https:\/\/alding.cat\/producte\/introduccio-a-la-industria-4-0-i-digitalitzacio-de-processos-productius\/#primaryimage"},"thumbnailUrl":"https:\/\/alding.cat\/wp-content\/uploads\/2025\/07\/PHOTO-2025-05-29-08-21-08-1-1.jpg","datePublished":"2025-07-24T15:08:07+00:00","dateModified":"2025-07-24T15:13:23+00:00","breadcrumb":{"@id":"https:\/\/alding.cat\/producte\/introduccio-a-la-industria-4-0-i-digitalitzacio-de-processos-productius\/#breadcrumb"},"inLanguage":"ca","potentialAction":[{"@type":"ReadAction","target":["https:\/\/alding.cat\/producte\/introduccio-a-la-industria-4-0-i-digitalitzacio-de-processos-productius\/"]}]},{"@type":"ImageObject","inLanguage":"ca","@id":"https:\/\/alding.cat\/producte\/introduccio-a-la-industria-4-0-i-digitalitzacio-de-processos-productius\/#primaryimage","url":"https:\/\/alding.cat\/wp-content\/uploads\/2025\/07\/PHOTO-2025-05-29-08-21-08-1-1.jpg","contentUrl":"https:\/\/alding.cat\/wp-content\/uploads\/2025\/07\/PHOTO-2025-05-29-08-21-08-1-1.jpg","width":1600,"height":720},{"@type":"BreadcrumbList","@id":"https:\/\/alding.cat\/producte\/introduccio-a-la-industria-4-0-i-digitalitzacio-de-processos-productius\/#breadcrumb","itemListElement":[{"@type":"ListItem","position":1,"name":"Portada","item":"https:\/\/alding.cat\/"},{"@type":"ListItem","position":2,"name":"Botiga","item":"https:\/\/alding.cat\/botiga\/"},{"@type":"ListItem","position":3,"name":"Introducci\u00f3 a la Ind\u00fastria 4.0 i digitalitzaci\u00f3 de processos productius"}]},{"@type":"WebSite","@id":"https:\/\/alding.cat\/#website","url":"https:\/\/alding.cat\/","name":"Alding","description":"Smart Buildings","potentialAction":[{"@type":"SearchAction","target":{"@type":"EntryPoint","urlTemplate":"https:\/\/alding.cat\/?s={search_term_string}"},"query-input":{"@type":"PropertyValueSpecification","valueRequired":true,"valueName":"search_term_string"}}],"inLanguage":"ca"}]}},"_links":{"self":[{"href":"https:\/\/alding.cat\/ca\/wp-json\/wp\/v2\/product\/1589","targetHints":{"allow":["GET"]}}],"collection":[{"href":"https:\/\/alding.cat\/ca\/wp-json\/wp\/v2\/product"}],"about":[{"href":"https:\/\/alding.cat\/ca\/wp-json\/wp\/v2\/types\/product"}],"replies":[{"embeddable":true,"href":"https:\/\/alding.cat\/ca\/wp-json\/wp\/v2\/comments?post=1589"}],"wp:featuredmedia":[{"embeddable":true,"href":"https:\/\/alding.cat\/ca\/wp-json\/wp\/v2\/media\/1524"}],"wp:attachment":[{"href":"https:\/\/alding.cat\/ca\/wp-json\/wp\/v2\/media?parent=1589"}],"wp:term":[{"taxonomy":"product_brand","embeddable":true,"href":"https:\/\/alding.cat\/ca\/wp-json\/wp\/v2\/product_brand?post=1589"},{"taxonomy":"product_cat","embeddable":true,"href":"https:\/\/alding.cat\/ca\/wp-json\/wp\/v2\/product_cat?post=1589"},{"taxonomy":"product_tag","embeddable":true,"href":"https:\/\/alding.cat\/ca\/wp-json\/wp\/v2\/product_tag?post=1589"}],"curies":[{"name":"wp","href":"https:\/\/api.w.org\/{rel}","templated":true}]}}