{"id":1587,"date":"2025-07-24T17:06:13","date_gmt":"2025-07-24T15:06:13","guid":{"rendered":"https:\/\/alding.cat\/?post_type=product&#038;p=1587"},"modified":"2025-07-24T17:13:48","modified_gmt":"2025-07-24T15:13:48","slug":"supervisio-industrial-amb-wincc-i-desenvolupament-de-scada","status":"publish","type":"product","link":"https:\/\/alding.cat\/ca\/producte\/supervisio-industrial-amb-wincc-i-desenvolupament-de-scada\/","title":{"rendered":"Supervisi\u00f3 industrial amb WinCC i desenvolupament de SCADA"},"content":{"rendered":"<p data-start=\"151\" data-end=\"169\"><strong data-start=\"151\" data-end=\"169\">Qu\u00e8 aprendr\u00e0s?<\/strong><\/p>\n<ul data-start=\"171\" data-end=\"570\">\n<li data-start=\"171\" data-end=\"258\">\n<p data-start=\"173\" data-end=\"258\">Configuraci\u00f3 de projectes SCADA amb Siemens WinCC (TIA Portal i WinCC Professional)<\/p>\n<\/li>\n<li data-start=\"259\" data-end=\"315\">\n<p data-start=\"261\" data-end=\"315\">Creaci\u00f3 i personalitzaci\u00f3 de pantalles de supervisi\u00f3<\/p>\n<\/li>\n<li data-start=\"316\" data-end=\"377\">\n<p data-start=\"318\" data-end=\"377\">Connexi\u00f3 i comunicaci\u00f3 amb PLCs i dispositius industrials<\/p>\n<\/li>\n<li data-start=\"378\" data-end=\"444\">\n<p data-start=\"380\" data-end=\"444\">Monitoritzaci\u00f3 i control en temps real de processos productius<\/p>\n<\/li>\n<li data-start=\"445\" data-end=\"502\">\n<p data-start=\"447\" data-end=\"502\">Gesti\u00f3 d&#8217;alarmes, tend\u00e8ncies i historitzaci\u00f3 de dades<\/p>\n<\/li>\n<li data-start=\"503\" data-end=\"570\">\n<p data-start=\"505\" data-end=\"570\">Bones pr\u00e0ctiques en ciberseguretat i desplegament d&#8217;entorns SCADA<\/p>\n<\/li>\n<\/ul>\n<p data-start=\"572\" data-end=\"771\"><strong data-start=\"572\" data-end=\"593\">A qui va dirigit?<\/strong><br data-start=\"593\" data-end=\"596\" \/>T\u00e8cnics de manteniment, programadors de PLC, enginyers d\u2019automatitzaci\u00f3 i professionals de la ind\u00fastria que vulguin implementar solucions de supervisi\u00f3 eficients i escalables.<\/p>\n<p data-start=\"773\" data-end=\"888\"><strong data-start=\"773\" data-end=\"783\">Durada<\/strong><br data-start=\"783\" data-end=\"786\" \/>40 hores presencials o en format h\u00edbrid (sessions online + pr\u00e0ctiques guiades amb entorns SCADA reals)<\/p>\n","protected":false},"excerpt":{"rendered":"<p>Qu\u00e8 aprendr\u00e0s? Configuraci\u00f3 de projectes SCADA amb Siemens WinCC (TIA Portal i WinCC Professional) Creaci\u00f3 i personalitzaci\u00f3 de pantalles de supervisi\u00f3 Connexi\u00f3 i comunicaci\u00f3 amb PLCs i dispositius industrials Monitoritzaci\u00f3 i control en temps real de processos productius Gesti\u00f3 d&#8217;alarmes, tend\u00e8ncies i historitzaci\u00f3 de dades Bones pr\u00e0ctiques en ciberseguretat i desplegament d&#8217;entorns SCADA A qui [&hellip;]<\/p>\n","protected":false},"featured_media":1514,"comment_status":"closed","ping_status":"closed","template":"","meta":{"_acf_changed":false,"inline_featured_image":false},"product_brand":[],"product_cat":[47],"product_tag":[],"class_list":{"0":"post-1587","1":"product","2":"type-product","3":"status-publish","4":"has-post-thumbnail","6":"product_cat-sense-categoria","8":"first","9":"instock","10":"virtual","11":"purchasable","12":"product-type-simple"},"acf":[],"yoast_head":"<!-- This site is optimized with the Yoast SEO plugin v27.4 - https:\/\/yoast.com\/product\/yoast-seo-wordpress\/ -->\n<title>Supervisi\u00f3 industrial amb WinCC i desenvolupament de SCADA - Alding<\/title>\n<meta name=\"robots\" content=\"noindex, follow\" \/>\n<meta property=\"og:locale\" content=\"ca_ES\" \/>\n<meta property=\"og:type\" content=\"article\" \/>\n<meta property=\"og:title\" content=\"Supervisi\u00f3 industrial amb WinCC i desenvolupament de SCADA - Alding\" \/>\n<meta property=\"og:description\" content=\"Qu\u00e8 aprendr\u00e0s? Configuraci\u00f3 de projectes SCADA amb Siemens WinCC (TIA Portal i WinCC Professional) Creaci\u00f3 i personalitzaci\u00f3 de pantalles de supervisi\u00f3 Connexi\u00f3 i comunicaci\u00f3 amb PLCs i dispositius industrials Monitoritzaci\u00f3 i control en temps real de processos productius Gesti\u00f3 d&#8217;alarmes, tend\u00e8ncies i historitzaci\u00f3 de dades Bones pr\u00e0ctiques en ciberseguretat i desplegament d&#8217;entorns SCADA A qui [&hellip;]\" \/>\n<meta property=\"og:url\" content=\"https:\/\/alding.cat\/producte\/supervisio-industrial-amb-wincc-i-desenvolupament-de-scada\/\" \/>\n<meta property=\"og:site_name\" content=\"Alding\" \/>\n<meta property=\"article:modified_time\" content=\"2025-07-24T15:13:48+00:00\" \/>\n<meta property=\"og:image\" content=\"https:\/\/alding.cat\/wp-content\/uploads\/2025\/07\/PHOTO-2025-05-27-10-23-30.jpg\" \/>\n\t<meta property=\"og:image:width\" content=\"1024\" \/>\n\t<meta property=\"og:image:height\" content=\"1024\" \/>\n\t<meta property=\"og:image:type\" content=\"image\/jpeg\" \/>\n<meta name=\"twitter:card\" content=\"summary_large_image\" \/>\n<meta name=\"twitter:label1\" content=\"Temps estimat de lectura\" \/>\n\t<meta name=\"twitter:data1\" content=\"1 minut\" \/>\n<script type=\"application\/ld+json\" class=\"yoast-schema-graph\">{\"@context\":\"https:\\\/\\\/schema.org\",\"@graph\":[{\"@type\":\"WebPage\",\"@id\":\"https:\\\/\\\/alding.cat\\\/producte\\\/supervisio-industrial-amb-wincc-i-desenvolupament-de-scada\\\/\",\"url\":\"https:\\\/\\\/alding.cat\\\/producte\\\/supervisio-industrial-amb-wincc-i-desenvolupament-de-scada\\\/\",\"name\":\"Supervisi\u00f3 industrial amb WinCC i desenvolupament de SCADA - Alding\",\"isPartOf\":{\"@id\":\"https:\\\/\\\/alding.cat\\\/#website\"},\"primaryImageOfPage\":{\"@id\":\"https:\\\/\\\/alding.cat\\\/producte\\\/supervisio-industrial-amb-wincc-i-desenvolupament-de-scada\\\/#primaryimage\"},\"image\":{\"@id\":\"https:\\\/\\\/alding.cat\\\/producte\\\/supervisio-industrial-amb-wincc-i-desenvolupament-de-scada\\\/#primaryimage\"},\"thumbnailUrl\":\"https:\\\/\\\/alding.cat\\\/wp-content\\\/uploads\\\/2025\\\/07\\\/PHOTO-2025-05-27-10-23-30.jpg\",\"datePublished\":\"2025-07-24T15:06:13+00:00\",\"dateModified\":\"2025-07-24T15:13:48+00:00\",\"breadcrumb\":{\"@id\":\"https:\\\/\\\/alding.cat\\\/producte\\\/supervisio-industrial-amb-wincc-i-desenvolupament-de-scada\\\/#breadcrumb\"},\"inLanguage\":\"ca\",\"potentialAction\":[{\"@type\":\"ReadAction\",\"target\":[\"https:\\\/\\\/alding.cat\\\/producte\\\/supervisio-industrial-amb-wincc-i-desenvolupament-de-scada\\\/\"]}]},{\"@type\":\"ImageObject\",\"inLanguage\":\"ca\",\"@id\":\"https:\\\/\\\/alding.cat\\\/producte\\\/supervisio-industrial-amb-wincc-i-desenvolupament-de-scada\\\/#primaryimage\",\"url\":\"https:\\\/\\\/alding.cat\\\/wp-content\\\/uploads\\\/2025\\\/07\\\/PHOTO-2025-05-27-10-23-30.jpg\",\"contentUrl\":\"https:\\\/\\\/alding.cat\\\/wp-content\\\/uploads\\\/2025\\\/07\\\/PHOTO-2025-05-27-10-23-30.jpg\",\"width\":1024,\"height\":1024},{\"@type\":\"BreadcrumbList\",\"@id\":\"https:\\\/\\\/alding.cat\\\/producte\\\/supervisio-industrial-amb-wincc-i-desenvolupament-de-scada\\\/#breadcrumb\",\"itemListElement\":[{\"@type\":\"ListItem\",\"position\":1,\"name\":\"Portada\",\"item\":\"https:\\\/\\\/alding.cat\\\/\"},{\"@type\":\"ListItem\",\"position\":2,\"name\":\"Botiga\",\"item\":\"https:\\\/\\\/alding.cat\\\/botiga\\\/\"},{\"@type\":\"ListItem\",\"position\":3,\"name\":\"Supervisi\u00f3 industrial amb WinCC i desenvolupament de SCADA\"}]},{\"@type\":\"WebSite\",\"@id\":\"https:\\\/\\\/alding.cat\\\/#website\",\"url\":\"https:\\\/\\\/alding.cat\\\/\",\"name\":\"Alding\",\"description\":\"Smart Buildings\",\"potentialAction\":[{\"@type\":\"SearchAction\",\"target\":{\"@type\":\"EntryPoint\",\"urlTemplate\":\"https:\\\/\\\/alding.cat\\\/?s={search_term_string}\"},\"query-input\":{\"@type\":\"PropertyValueSpecification\",\"valueRequired\":true,\"valueName\":\"search_term_string\"}}],\"inLanguage\":\"ca\"}]}<\/script>\n<!-- \/ Yoast SEO plugin. -->","yoast_head_json":{"title":"Supervisi\u00f3 industrial amb WinCC i desenvolupament de SCADA - Alding","robots":{"index":"noindex","follow":"follow"},"og_locale":"ca_ES","og_type":"article","og_title":"Supervisi\u00f3 industrial amb WinCC i desenvolupament de SCADA - Alding","og_description":"Qu\u00e8 aprendr\u00e0s? Configuraci\u00f3 de projectes SCADA amb Siemens WinCC (TIA Portal i WinCC Professional) Creaci\u00f3 i personalitzaci\u00f3 de pantalles de supervisi\u00f3 Connexi\u00f3 i comunicaci\u00f3 amb PLCs i dispositius industrials Monitoritzaci\u00f3 i control en temps real de processos productius Gesti\u00f3 d&#8217;alarmes, tend\u00e8ncies i historitzaci\u00f3 de dades Bones pr\u00e0ctiques en ciberseguretat i desplegament d&#8217;entorns SCADA A qui [&hellip;]","og_url":"https:\/\/alding.cat\/producte\/supervisio-industrial-amb-wincc-i-desenvolupament-de-scada\/","og_site_name":"Alding","article_modified_time":"2025-07-24T15:13:48+00:00","og_image":[{"width":1024,"height":1024,"url":"https:\/\/alding.cat\/wp-content\/uploads\/2025\/07\/PHOTO-2025-05-27-10-23-30.jpg","type":"image\/jpeg"}],"twitter_card":"summary_large_image","twitter_misc":{"Temps estimat de lectura":"1 minut"},"schema":{"@context":"https:\/\/schema.org","@graph":[{"@type":"WebPage","@id":"https:\/\/alding.cat\/producte\/supervisio-industrial-amb-wincc-i-desenvolupament-de-scada\/","url":"https:\/\/alding.cat\/producte\/supervisio-industrial-amb-wincc-i-desenvolupament-de-scada\/","name":"Supervisi\u00f3 industrial amb WinCC i desenvolupament de SCADA - Alding","isPartOf":{"@id":"https:\/\/alding.cat\/#website"},"primaryImageOfPage":{"@id":"https:\/\/alding.cat\/producte\/supervisio-industrial-amb-wincc-i-desenvolupament-de-scada\/#primaryimage"},"image":{"@id":"https:\/\/alding.cat\/producte\/supervisio-industrial-amb-wincc-i-desenvolupament-de-scada\/#primaryimage"},"thumbnailUrl":"https:\/\/alding.cat\/wp-content\/uploads\/2025\/07\/PHOTO-2025-05-27-10-23-30.jpg","datePublished":"2025-07-24T15:06:13+00:00","dateModified":"2025-07-24T15:13:48+00:00","breadcrumb":{"@id":"https:\/\/alding.cat\/producte\/supervisio-industrial-amb-wincc-i-desenvolupament-de-scada\/#breadcrumb"},"inLanguage":"ca","potentialAction":[{"@type":"ReadAction","target":["https:\/\/alding.cat\/producte\/supervisio-industrial-amb-wincc-i-desenvolupament-de-scada\/"]}]},{"@type":"ImageObject","inLanguage":"ca","@id":"https:\/\/alding.cat\/producte\/supervisio-industrial-amb-wincc-i-desenvolupament-de-scada\/#primaryimage","url":"https:\/\/alding.cat\/wp-content\/uploads\/2025\/07\/PHOTO-2025-05-27-10-23-30.jpg","contentUrl":"https:\/\/alding.cat\/wp-content\/uploads\/2025\/07\/PHOTO-2025-05-27-10-23-30.jpg","width":1024,"height":1024},{"@type":"BreadcrumbList","@id":"https:\/\/alding.cat\/producte\/supervisio-industrial-amb-wincc-i-desenvolupament-de-scada\/#breadcrumb","itemListElement":[{"@type":"ListItem","position":1,"name":"Portada","item":"https:\/\/alding.cat\/"},{"@type":"ListItem","position":2,"name":"Botiga","item":"https:\/\/alding.cat\/botiga\/"},{"@type":"ListItem","position":3,"name":"Supervisi\u00f3 industrial amb WinCC i desenvolupament de SCADA"}]},{"@type":"WebSite","@id":"https:\/\/alding.cat\/#website","url":"https:\/\/alding.cat\/","name":"Alding","description":"Smart Buildings","potentialAction":[{"@type":"SearchAction","target":{"@type":"EntryPoint","urlTemplate":"https:\/\/alding.cat\/?s={search_term_string}"},"query-input":{"@type":"PropertyValueSpecification","valueRequired":true,"valueName":"search_term_string"}}],"inLanguage":"ca"}]}},"_links":{"self":[{"href":"https:\/\/alding.cat\/ca\/wp-json\/wp\/v2\/product\/1587","targetHints":{"allow":["GET"]}}],"collection":[{"href":"https:\/\/alding.cat\/ca\/wp-json\/wp\/v2\/product"}],"about":[{"href":"https:\/\/alding.cat\/ca\/wp-json\/wp\/v2\/types\/product"}],"replies":[{"embeddable":true,"href":"https:\/\/alding.cat\/ca\/wp-json\/wp\/v2\/comments?post=1587"}],"wp:featuredmedia":[{"embeddable":true,"href":"https:\/\/alding.cat\/ca\/wp-json\/wp\/v2\/media\/1514"}],"wp:attachment":[{"href":"https:\/\/alding.cat\/ca\/wp-json\/wp\/v2\/media?parent=1587"}],"wp:term":[{"taxonomy":"product_brand","embeddable":true,"href":"https:\/\/alding.cat\/ca\/wp-json\/wp\/v2\/product_brand?post=1587"},{"taxonomy":"product_cat","embeddable":true,"href":"https:\/\/alding.cat\/ca\/wp-json\/wp\/v2\/product_cat?post=1587"},{"taxonomy":"product_tag","embeddable":true,"href":"https:\/\/alding.cat\/ca\/wp-json\/wp\/v2\/product_tag?post=1587"}],"curies":[{"name":"wp","href":"https:\/\/api.w.org\/{rel}","templated":true}]}}