{"id":1585,"date":"2025-07-24T16:59:04","date_gmt":"2025-07-24T14:59:04","guid":{"rendered":"https:\/\/alding.cat\/?post_type=product&#038;p=1585"},"modified":"2025-07-24T17:10:17","modified_gmt":"2025-07-24T15:10:17","slug":"formacio-plc","status":"publish","type":"product","link":"https:\/\/alding.cat\/ca\/producte\/formacio-plc\/","title":{"rendered":"Formaci\u00f3 en programaci\u00f3 i posada en marxa de PLCs Siemens amb TIA Portal"},"content":{"rendered":"<p><strong>Qu\u00e8 aprendr\u00e0s?<\/strong><\/p>\n<p>Configuraci\u00f3 de projectes amb TIA Portal<\/p>\n<p>Programaci\u00f3 de PLCs en llenguatges LAD i FBD<\/p>\n<p>Assignaci\u00f3 i gesti\u00f3 d\u2019entrades i sortides<\/p>\n<p>Creaci\u00f3 de blocs de funcions i diagn\u00f2stic d\u2019errors<\/p>\n<p>Simulaci\u00f3 i c\u00e0rrega de programes amb PLC SIM<\/p>\n<p>Introducci\u00f3 a interf\u00edcies HMI i comunicaci\u00f3 industrial<\/p>\n<p><strong>A qui va dirigit?<\/strong><br \/>\nT\u00e8cnics de manteniment, enginyers, personal de producci\u00f3 i estudiants que vulguin adquirir habilitats pr\u00e0ctiques en automatitzaci\u00f3.<\/p>\n<p><strong>Durada<\/strong><br \/>\n40 hores presencials o en format h\u00edbrid (sessions online + pr\u00e0ctiques guiades)<\/p>\n","protected":false},"excerpt":{"rendered":"<p>Apr\u00e8n a dominar l&#8217;entorn TIA Portal de Siemens amb aquest curs pr\u00e0ctic orientat a professionals de la ind\u00fastria. Des de la configuraci\u00f3 inicial fins a la posada en marxa de sistemes reals, adquirir\u00e0s els coneixements clau per automatitzar processos de manera eficient i segura.<\/p>\n","protected":false},"featured_media":1510,"comment_status":"open","ping_status":"closed","template":"","meta":{"_acf_changed":false,"inline_featured_image":false},"product_brand":[],"product_cat":[47],"product_tag":[],"class_list":{"0":"post-1585","1":"product","2":"type-product","3":"status-publish","4":"has-post-thumbnail","6":"product_cat-sense-categoria","8":"first","9":"instock","10":"virtual","11":"purchasable","12":"product-type-simple"},"acf":[],"yoast_head":"<!-- This site is optimized with the Yoast SEO plugin v27.4 - https:\/\/yoast.com\/product\/yoast-seo-wordpress\/ -->\n<title>Formaci\u00f3 en programaci\u00f3 i posada en marxa de PLCs Siemens amb TIA Portal - Alding<\/title>\n<meta name=\"robots\" content=\"noindex, follow\" \/>\n<meta property=\"og:locale\" content=\"ca_ES\" \/>\n<meta property=\"og:type\" content=\"article\" \/>\n<meta property=\"og:title\" content=\"Formaci\u00f3 en programaci\u00f3 i posada en marxa de PLCs Siemens amb TIA Portal - Alding\" \/>\n<meta property=\"og:description\" content=\"Apr\u00e8n a dominar l&#039;entorn TIA Portal de Siemens amb aquest curs pr\u00e0ctic orientat a professionals de la ind\u00fastria. Des de la configuraci\u00f3 inicial fins a la posada en marxa de sistemes reals, adquirir\u00e0s els coneixements clau per automatitzar processos de manera eficient i segura.\" \/>\n<meta property=\"og:url\" content=\"https:\/\/alding.cat\/producte\/formacio-plc\/\" \/>\n<meta property=\"og:site_name\" content=\"Alding\" \/>\n<meta property=\"article:modified_time\" content=\"2025-07-24T15:10:17+00:00\" \/>\n<meta property=\"og:image\" content=\"https:\/\/alding.cat\/wp-content\/uploads\/2025\/07\/PHOTO-2025-05-28-18-09-27.jpg\" \/>\n\t<meta property=\"og:image:width\" content=\"2048\" \/>\n\t<meta property=\"og:image:height\" content=\"1536\" \/>\n\t<meta property=\"og:image:type\" content=\"image\/jpeg\" \/>\n<meta name=\"twitter:card\" content=\"summary_large_image\" \/>\n<meta name=\"twitter:label1\" content=\"Temps estimat de lectura\" \/>\n\t<meta name=\"twitter:data1\" content=\"1 minut\" \/>\n<script type=\"application\/ld+json\" class=\"yoast-schema-graph\">{\"@context\":\"https:\\\/\\\/schema.org\",\"@graph\":[{\"@type\":\"WebPage\",\"@id\":\"https:\\\/\\\/alding.cat\\\/producte\\\/formacio-plc\\\/\",\"url\":\"https:\\\/\\\/alding.cat\\\/producte\\\/formacio-plc\\\/\",\"name\":\"Formaci\u00f3 en programaci\u00f3 i posada en marxa de PLCs Siemens amb TIA Portal - Alding\",\"isPartOf\":{\"@id\":\"https:\\\/\\\/alding.cat\\\/#website\"},\"primaryImageOfPage\":{\"@id\":\"https:\\\/\\\/alding.cat\\\/producte\\\/formacio-plc\\\/#primaryimage\"},\"image\":{\"@id\":\"https:\\\/\\\/alding.cat\\\/producte\\\/formacio-plc\\\/#primaryimage\"},\"thumbnailUrl\":\"https:\\\/\\\/alding.cat\\\/wp-content\\\/uploads\\\/2025\\\/07\\\/PHOTO-2025-05-28-18-09-27.jpg\",\"datePublished\":\"2025-07-24T14:59:04+00:00\",\"dateModified\":\"2025-07-24T15:10:17+00:00\",\"breadcrumb\":{\"@id\":\"https:\\\/\\\/alding.cat\\\/producte\\\/formacio-plc\\\/#breadcrumb\"},\"inLanguage\":\"ca\",\"potentialAction\":[{\"@type\":\"ReadAction\",\"target\":[\"https:\\\/\\\/alding.cat\\\/producte\\\/formacio-plc\\\/\"]}]},{\"@type\":\"ImageObject\",\"inLanguage\":\"ca\",\"@id\":\"https:\\\/\\\/alding.cat\\\/producte\\\/formacio-plc\\\/#primaryimage\",\"url\":\"https:\\\/\\\/alding.cat\\\/wp-content\\\/uploads\\\/2025\\\/07\\\/PHOTO-2025-05-28-18-09-27.jpg\",\"contentUrl\":\"https:\\\/\\\/alding.cat\\\/wp-content\\\/uploads\\\/2025\\\/07\\\/PHOTO-2025-05-28-18-09-27.jpg\",\"width\":2048,\"height\":1536},{\"@type\":\"BreadcrumbList\",\"@id\":\"https:\\\/\\\/alding.cat\\\/producte\\\/formacio-plc\\\/#breadcrumb\",\"itemListElement\":[{\"@type\":\"ListItem\",\"position\":1,\"name\":\"Portada\",\"item\":\"https:\\\/\\\/alding.cat\\\/\"},{\"@type\":\"ListItem\",\"position\":2,\"name\":\"Botiga\",\"item\":\"https:\\\/\\\/alding.cat\\\/botiga\\\/\"},{\"@type\":\"ListItem\",\"position\":3,\"name\":\"Formaci\u00f3 en programaci\u00f3 i posada en marxa de PLCs Siemens amb TIA Portal\"}]},{\"@type\":\"WebSite\",\"@id\":\"https:\\\/\\\/alding.cat\\\/#website\",\"url\":\"https:\\\/\\\/alding.cat\\\/\",\"name\":\"Alding\",\"description\":\"Smart Buildings\",\"potentialAction\":[{\"@type\":\"SearchAction\",\"target\":{\"@type\":\"EntryPoint\",\"urlTemplate\":\"https:\\\/\\\/alding.cat\\\/?s={search_term_string}\"},\"query-input\":{\"@type\":\"PropertyValueSpecification\",\"valueRequired\":true,\"valueName\":\"search_term_string\"}}],\"inLanguage\":\"ca\"}]}<\/script>\n<!-- \/ Yoast SEO plugin. -->","yoast_head_json":{"title":"Formaci\u00f3 en programaci\u00f3 i posada en marxa de PLCs Siemens amb TIA Portal - Alding","robots":{"index":"noindex","follow":"follow"},"og_locale":"ca_ES","og_type":"article","og_title":"Formaci\u00f3 en programaci\u00f3 i posada en marxa de PLCs Siemens amb TIA Portal - Alding","og_description":"Apr\u00e8n a dominar l'entorn TIA Portal de Siemens amb aquest curs pr\u00e0ctic orientat a professionals de la ind\u00fastria. Des de la configuraci\u00f3 inicial fins a la posada en marxa de sistemes reals, adquirir\u00e0s els coneixements clau per automatitzar processos de manera eficient i segura.","og_url":"https:\/\/alding.cat\/producte\/formacio-plc\/","og_site_name":"Alding","article_modified_time":"2025-07-24T15:10:17+00:00","og_image":[{"width":2048,"height":1536,"url":"https:\/\/alding.cat\/wp-content\/uploads\/2025\/07\/PHOTO-2025-05-28-18-09-27.jpg","type":"image\/jpeg"}],"twitter_card":"summary_large_image","twitter_misc":{"Temps estimat de lectura":"1 minut"},"schema":{"@context":"https:\/\/schema.org","@graph":[{"@type":"WebPage","@id":"https:\/\/alding.cat\/producte\/formacio-plc\/","url":"https:\/\/alding.cat\/producte\/formacio-plc\/","name":"Formaci\u00f3 en programaci\u00f3 i posada en marxa de PLCs Siemens amb TIA Portal - Alding","isPartOf":{"@id":"https:\/\/alding.cat\/#website"},"primaryImageOfPage":{"@id":"https:\/\/alding.cat\/producte\/formacio-plc\/#primaryimage"},"image":{"@id":"https:\/\/alding.cat\/producte\/formacio-plc\/#primaryimage"},"thumbnailUrl":"https:\/\/alding.cat\/wp-content\/uploads\/2025\/07\/PHOTO-2025-05-28-18-09-27.jpg","datePublished":"2025-07-24T14:59:04+00:00","dateModified":"2025-07-24T15:10:17+00:00","breadcrumb":{"@id":"https:\/\/alding.cat\/producte\/formacio-plc\/#breadcrumb"},"inLanguage":"ca","potentialAction":[{"@type":"ReadAction","target":["https:\/\/alding.cat\/producte\/formacio-plc\/"]}]},{"@type":"ImageObject","inLanguage":"ca","@id":"https:\/\/alding.cat\/producte\/formacio-plc\/#primaryimage","url":"https:\/\/alding.cat\/wp-content\/uploads\/2025\/07\/PHOTO-2025-05-28-18-09-27.jpg","contentUrl":"https:\/\/alding.cat\/wp-content\/uploads\/2025\/07\/PHOTO-2025-05-28-18-09-27.jpg","width":2048,"height":1536},{"@type":"BreadcrumbList","@id":"https:\/\/alding.cat\/producte\/formacio-plc\/#breadcrumb","itemListElement":[{"@type":"ListItem","position":1,"name":"Portada","item":"https:\/\/alding.cat\/"},{"@type":"ListItem","position":2,"name":"Botiga","item":"https:\/\/alding.cat\/botiga\/"},{"@type":"ListItem","position":3,"name":"Formaci\u00f3 en programaci\u00f3 i posada en marxa de PLCs Siemens amb TIA Portal"}]},{"@type":"WebSite","@id":"https:\/\/alding.cat\/#website","url":"https:\/\/alding.cat\/","name":"Alding","description":"Smart Buildings","potentialAction":[{"@type":"SearchAction","target":{"@type":"EntryPoint","urlTemplate":"https:\/\/alding.cat\/?s={search_term_string}"},"query-input":{"@type":"PropertyValueSpecification","valueRequired":true,"valueName":"search_term_string"}}],"inLanguage":"ca"}]}},"_links":{"self":[{"href":"https:\/\/alding.cat\/ca\/wp-json\/wp\/v2\/product\/1585","targetHints":{"allow":["GET"]}}],"collection":[{"href":"https:\/\/alding.cat\/ca\/wp-json\/wp\/v2\/product"}],"about":[{"href":"https:\/\/alding.cat\/ca\/wp-json\/wp\/v2\/types\/product"}],"replies":[{"embeddable":true,"href":"https:\/\/alding.cat\/ca\/wp-json\/wp\/v2\/comments?post=1585"}],"wp:featuredmedia":[{"embeddable":true,"href":"https:\/\/alding.cat\/ca\/wp-json\/wp\/v2\/media\/1510"}],"wp:attachment":[{"href":"https:\/\/alding.cat\/ca\/wp-json\/wp\/v2\/media?parent=1585"}],"wp:term":[{"taxonomy":"product_brand","embeddable":true,"href":"https:\/\/alding.cat\/ca\/wp-json\/wp\/v2\/product_brand?post=1585"},{"taxonomy":"product_cat","embeddable":true,"href":"https:\/\/alding.cat\/ca\/wp-json\/wp\/v2\/product_cat?post=1585"},{"taxonomy":"product_tag","embeddable":true,"href":"https:\/\/alding.cat\/ca\/wp-json\/wp\/v2\/product_tag?post=1585"}],"curies":[{"name":"wp","href":"https:\/\/api.w.org\/{rel}","templated":true}]}}