{"id":510,"date":"2021-10-14T15:46:36","date_gmt":"2021-10-14T13:46:36","guid":{"rendered":"https:\/\/alding.cat\/politica-de-privadesa\/"},"modified":"2025-07-01T16:58:26","modified_gmt":"2025-07-01T14:58:26","slug":"politica-privadesa","status":"publish","type":"page","link":"https:\/\/alding.cat\/ca\/politica-privadesa\/","title":{"rendered":"Pol\u00edtica de privadesa"},"content":{"rendered":"\t\t<div data-elementor-type=\"wp-page\" data-elementor-id=\"510\" class=\"elementor elementor-510 elementor-38\" data-elementor-post-type=\"page\">\n\t\t\t\t<div class=\"elementor-element elementor-element-45923ba e-flex e-con-boxed e-con e-parent\" data-id=\"45923ba\" data-element_type=\"container\" data-e-type=\"container\">\n\t\t\t\t\t<div class=\"e-con-inner\">\n\t\t\t\t<div class=\"elementor-element elementor-element-9ed2e0b elementor-widget elementor-widget-heading\" data-id=\"9ed2e0b\" data-element_type=\"widget\" data-e-type=\"widget\" data-widget_type=\"heading.default\">\n\t\t\t\t<div class=\"elementor-widget-container\">\n\t\t\t\t\t<h2 class=\"elementor-heading-title elementor-size-default\">POL\u00cdTICA DE PRIVADESA<\/h2>\t\t\t\t<\/div>\n\t\t\t\t<\/div>\n\t\t\t\t<div class=\"elementor-element elementor-element-9994b50 elementor-widget elementor-widget-text-editor\" data-id=\"9994b50\" data-element_type=\"widget\" data-e-type=\"widget\" data-widget_type=\"text-editor.default\">\n\t\t\t\t<div class=\"elementor-widget-container\">\n\t\t\t\t\t\t\t\t\t<p><strong>POL\u00cdTICA DE PRIVACITAT<\/strong><\/p><p>Si ets aqu\u00ed \u00e9s perqu\u00e8 vols saber m\u00e9s sobre les obligacions i drets que et corresponen com a usuari d\u2019aquesta web <strong><\/strong>, i aix\u00f2 est\u00e0 molt b\u00e9. El nostre deure \u00e9s informar-te i el teu, estar degudament informat.<\/p><p>En aquesta Pol\u00edtica de Privacitat t\u2019informarem amb total transpar\u00e8ncia sobre la finalitat d\u2019aquest lloc web i tot all\u00f2 que afecta les dades que ens facilitis, aix\u00ed com de les obligacions i drets que et corresponen.<\/p><p>Per comen\u00e7ar, has de saber que aquest lloc web s\u2019adapta a la normativa vigent en relaci\u00f3 amb la protecci\u00f3 de dades, que afecta les dades personals que ens facilitis amb el teu consentiment expr\u00e9s i a les cookies que utilitzem perqu\u00e8 aquest lloc web funcioni correctament i pugui desenvolupar la seva activitat.<\/p><p>Concretament, aquesta web s\u2019ajusta al compliment de les normatives seg\u00fcents:<\/p><ul><li><strong>El RGPD<\/strong> (Reglament (UE) 2016\/679 del Parlament Europeu i del Consell de 27 d\u2019abril de 2016 relatiu a la protecci\u00f3 de les persones f\u00edsiques), que unifica la regulaci\u00f3 del tractament de les dades personals en els diferents pa\u00efsos de la UE.<\/li><li><strong>La LOPDGDD<\/strong> (Llei Org\u00e0nica 3\/2018, de 5 de desembre, de Protecci\u00f3 de Dades Personals i garantia dels drets digitals), que adapta la normativa espanyola al RGPD i regula els drets digitals.<\/li><li><strong>La LSSI<\/strong> (Llei 34\/2002, d\u201911 de juliol, de Serveis de la Societat de la Informaci\u00f3 i Comer\u00e7 Electr\u00f2nic), que regula les transaccions econ\u00f2miques mitjan\u00e7ant mitjans electr\u00f2nics, com \u00e9s el cas d\u2019aquest blog.<\/li><\/ul><h3><strong>DADES D\u2019IDENTIFICACI\u00d3<\/strong><\/h3><p>El responsable i titular d\u2019aquest lloc web \u00e9s <strong><\/strong>:<\/p><ul><li><strong>Nom<\/strong>: <\/li><li><strong>NIF<\/strong>: <\/li><li><strong>Domicili Social<\/strong>: <\/li><li><strong>Activitat del lloc web<\/strong>: distribuci\u00f3 de contingut relacionat amb <strong><\/strong>, mostra de publicitat i recomanaci\u00f3 de productes d\u2019afiliaci\u00f3.<\/li><li><strong>Correu electr\u00f2nic<\/strong>: <\/li><\/ul><p>Les dades que ens facilitis amb el teu consentiment, i d\u2019acord amb l\u2019\u00fas establert en la nostra Pol\u00edtica de Privacitat, seran incorporades a un fitxer automatitzat degudament inscrit a l\u2019Ag\u00e8ncia Espanyola de Protecci\u00f3 de Dades. Aix\u00f2 vol dir que les teves dades estan segures, d\u2019acord amb el que estableix la llei.<\/p><p>Les dades personals que ens facilitis, sempre amb el teu consentiment expr\u00e9s, s\u2019emmagatzemaran i tractaran amb les finalitats previstes i descrites a continuaci\u00f3 en aquesta Pol\u00edtica de Privacitat, fins al moment en qu\u00e8 ens demanis que les eliminem.<\/p><p>T\u2019informem que aquesta Pol\u00edtica de Privacitat pot ser modificada en qualsevol moment per adaptar-la a novetats legislatives o canvis en les nostres activitats. La versi\u00f3 vigent ser\u00e0 sempre la publicada en aquesta web, i qualsevol modificaci\u00f3 rellevant et ser\u00e0 notificada abans de la seva aplicaci\u00f3.<\/p><h3><strong>CONDICIONS D\u2019\u00daS<\/strong><\/h3><p>Has de saber, per la teva tranquil\u00b7litat, que sempre et sol\u00b7licitarem el teu consentiment expr\u00e9s per recollir les teves dades amb la corresponent finalitat especificada en cada cas. Aix\u00f2 implica que, en cas d\u2019atorgar aquest consentiment, has llegit i acceptat aquesta Pol\u00edtica de Privacitat.<\/p><p>En accedir i utilitzar aquesta web, assumeixes la teva condici\u00f3 d\u2019usuari amb els teus drets i obligacions corresponents.<\/p><ul><li>Si ets major de 14 anys, podr\u00e0s registrar-te com a usuari en aquest lloc web sense el consentiment previ dels teus pares o tutors.<\/li><li>Si ets menor de 14 anys, necessitar\u00e0s el consentiment dels teus pares o tutors per al tractament de les teves dades personals.<\/li><\/ul><h3><strong>REGISTRE I FINALITAT DE LES TEVES DADES<\/strong><\/h3><p>En funci\u00f3 del formulari o secci\u00f3 a la qual accedeixis, et sol\u00b7licitarem exclusivament les dades necess\u00e0ries amb les finalitats descrites a continuaci\u00f3. En tot moment, haur\u00e0s de donar el teu consentiment expr\u00e9s quan et sol\u00b7licitem informaci\u00f3 personal per a:<\/p><ul><li>Les finalitats concretes que particularment s\u2019indiquin en cadascuna de les p\u00e0gines o seccions on aparegui el formulari de registre o contacte electr\u00f2nic.<\/li><li>Atendre les teves sol\u00b7licituds, comentaris, consultes o qualsevol tipus de petici\u00f3 que facis com a usuari a trav\u00e9s de qualsevol de les formes de contacte disponibles.<\/li><li>Informar-te sobre consultes, activitats, productes, novetats i\/o serveis per diversos mitjans electr\u00f2nics o f\u00edsics.<\/li><li>Enviar-te comunicacions comercials relacionades amb els nostres productes, serveis o promocions, aix\u00ed com aquells productes o serveis que puguem considerar del teu inter\u00e8s oferts per col\u00b7laboradors o &#8220;partners&#8221; amb qui mantinguem acords de promoci\u00f3.<\/li><\/ul><p>Aquestes comunicacions seran sempre realitzades per <strong><\/strong>, sense que tercers tinguin acc\u00e9s a les teves dades personals.<\/p><h3><strong>EXACTITUD I VERACITAT DE LES DADES<\/strong><\/h3><p>Com a usuari, ets responsable de la veracitat i actualitzaci\u00f3 de les dades que proporciones. Acceptes proporcionar informaci\u00f3 completa i correcta en els formularis de contacte o subscripci\u00f3.<\/p><h3><strong>BAIXES DE SUBSCRIPCI\u00d3 I DRET DE REVOCACI\u00d3<\/strong><\/h3><p>Com a titular de les dades, podr\u00e0s exercir en qualsevol moment els teus drets d\u2019acc\u00e9s, rectificaci\u00f3, cancel\u00b7laci\u00f3 i oposici\u00f3 enviant un correu electr\u00f2nic a <strong><\/strong>\u00a0adjuntant una c\u00f2pia del teu document d\u2019identitat com a prova v\u00e0lida.<\/p><h3><strong>ACC\u00c9S A DADES PER COMPTE DE TERCERS<\/strong><\/h3><p>Per prestar serveis necessaris, compartim dades amb:<\/p><ul><li><strong>Dinahosting SL<\/strong>, prove\u00efdor de hosting. M\u00e9s informaci\u00f3 a <a href=\"https:\/\/dinahosting.com\/legal\/proteccion-datos\" target=\"_new\" rel=\"noopener\">https:\/\/dinahosting.com\/legal\/proteccion-datos<\/a>.<\/li><li><strong>Google Analytics<\/strong>: Analitza l\u2019\u00fas del lloc web. Consulta la seva pol\u00edtica de privacitat a <a target=\"_new\" rel=\"noopener\">https:\/\/www.google.com\/intl\/ca\/policies\/privacy\/<\/a>.<\/li><li><strong>Google Adsense<\/strong>: Publica anuncis personalitzats. Consulta la seva pol\u00edtica a <a target=\"_new\" rel=\"noopener\">https:\/\/www.google.com\/intl\/ca\/policies\/privacy\/<\/a>.<\/li><\/ul><h3><strong>MESURES DE SEGURETAT<\/strong><\/h3><p><strong>Nom empresa<\/strong> ha adoptat totes les mesures necess\u00e0ries per garantir la seguretat i integritat de les teves dades personals i evitar-ne la p\u00e8rdua, alteraci\u00f3 o acc\u00e9s no autoritzat per tercers.<\/p><p>Per a m\u00e9s informaci\u00f3, pots consultar les nostres p\u00e0gines d\u2019<strong>Av\u00eds Legal<\/strong> i <strong>Pol\u00edtica de Cookies<\/strong>.<\/p>\t\t\t\t\t\t\t\t<\/div>\n\t\t\t\t<\/div>\n\t\t\t\t\t<\/div>\n\t\t\t\t<\/div>\n\t\t\t\t<\/div>\n\t\t","protected":false},"excerpt":{"rendered":"<p>POL\u00cdTICA DE PRIVADESA POL\u00cdTICA DE PRIVACITAT Si ets aqu\u00ed \u00e9s perqu\u00e8 vols saber m\u00e9s sobre les obligacions i drets que et corresponen com a usuari d\u2019aquesta web , i aix\u00f2 est\u00e0 molt b\u00e9. El nostre deure \u00e9s informar-te i el teu, estar degudament informat. En aquesta Pol\u00edtica de Privacitat t\u2019informarem amb total transpar\u00e8ncia sobre la [&hellip;]<\/p>\n","protected":false},"author":2,"featured_media":0,"parent":0,"menu_order":0,"comment_status":"closed","ping_status":"closed","template":"elementor_header_footer","meta":{"_acf_changed":false,"inline_featured_image":false,"footnotes":""},"class_list":["post-510","page","type-page","status-publish","hentry"],"acf":[],"yoast_head":"<!-- This site is optimized with the Yoast SEO plugin v27.4 - https:\/\/yoast.com\/product\/yoast-seo-wordpress\/ -->\n<title>Pol\u00edtica de privadesa - Alding<\/title>\n<meta name=\"description\" content=\"POL\u00cdTICA DE PRIVADESA POL\u00cdTICA DE PRIVACITATSi ets aqu\u00ed \u00e9s perqu\u00e8 vols saber m\u00e9s sobre les obligacions i drets que et corresponen com a usuari d\u2019aquesta \u2713\" \/>\n<meta name=\"robots\" content=\"noindex, nofollow\" \/>\n<meta property=\"og:locale\" content=\"ca_ES\" \/>\n<meta property=\"og:type\" content=\"article\" \/>\n<meta property=\"og:title\" content=\"Pol\u00edtica de privadesa - Alding\" \/>\n<meta property=\"og:description\" content=\"POL\u00cdTICA DE PRIVADESA POL\u00cdTICA DE PRIVACITATSi ets aqu\u00ed \u00e9s perqu\u00e8 vols saber m\u00e9s sobre les obligacions i drets que et corresponen com a usuari d\u2019aquesta \u2713\" \/>\n<meta property=\"og:url\" content=\"https:\/\/alding.cat\/politica-privadesa\/\" \/>\n<meta property=\"og:site_name\" content=\"Alding\" \/>\n<meta property=\"article:modified_time\" content=\"2025-07-01T14:58:26+00:00\" \/>\n<meta name=\"twitter:card\" content=\"summary_large_image\" \/>\n<meta name=\"twitter:label1\" content=\"Temps estimat de lectura\" \/>\n\t<meta name=\"twitter:data1\" content=\"4 minuts\" \/>\n<script type=\"application\/ld+json\" class=\"yoast-schema-graph\">{\"@context\":\"https:\\\/\\\/schema.org\",\"@graph\":[{\"@type\":\"WebPage\",\"@id\":\"https:\\\/\\\/alding.cat\\\/politica-privadesa\\\/\",\"url\":\"https:\\\/\\\/alding.cat\\\/politica-privadesa\\\/\",\"name\":\"Pol\u00edtica de privadesa - Alding\",\"isPartOf\":{\"@id\":\"https:\\\/\\\/alding.cat\\\/#website\"},\"datePublished\":\"2021-10-14T13:46:36+00:00\",\"dateModified\":\"2025-07-01T14:58:26+00:00\",\"description\":\"POL\u00cdTICA DE PRIVADESA POL\u00cdTICA DE PRIVACITATSi ets aqu\u00ed \u00e9s perqu\u00e8 vols saber m\u00e9s sobre les obligacions i drets que et corresponen com a usuari d\u2019aquesta \u2713\",\"breadcrumb\":{\"@id\":\"https:\\\/\\\/alding.cat\\\/politica-privadesa\\\/#breadcrumb\"},\"inLanguage\":\"ca\",\"potentialAction\":[{\"@type\":\"ReadAction\",\"target\":[\"https:\\\/\\\/alding.cat\\\/politica-privadesa\\\/\"]}]},{\"@type\":\"BreadcrumbList\",\"@id\":\"https:\\\/\\\/alding.cat\\\/politica-privadesa\\\/#breadcrumb\",\"itemListElement\":[{\"@type\":\"ListItem\",\"position\":1,\"name\":\"Portada\",\"item\":\"https:\\\/\\\/alding.cat\\\/\"},{\"@type\":\"ListItem\",\"position\":2,\"name\":\"Pol\u00edtica de privadesa\"}]},{\"@type\":\"WebSite\",\"@id\":\"https:\\\/\\\/alding.cat\\\/#website\",\"url\":\"https:\\\/\\\/alding.cat\\\/\",\"name\":\"Alding\",\"description\":\"Smart Buildings\",\"potentialAction\":[{\"@type\":\"SearchAction\",\"target\":{\"@type\":\"EntryPoint\",\"urlTemplate\":\"https:\\\/\\\/alding.cat\\\/?s={search_term_string}\"},\"query-input\":{\"@type\":\"PropertyValueSpecification\",\"valueRequired\":true,\"valueName\":\"search_term_string\"}}],\"inLanguage\":\"ca\"}]}<\/script>\n<!-- \/ Yoast SEO plugin. -->","yoast_head_json":{"title":"Pol\u00edtica de privadesa - Alding","description":"POL\u00cdTICA DE PRIVADESA POL\u00cdTICA DE PRIVACITATSi ets aqu\u00ed \u00e9s perqu\u00e8 vols saber m\u00e9s sobre les obligacions i drets que et corresponen com a usuari d\u2019aquesta \u2713","robots":{"index":"noindex","follow":"nofollow"},"og_locale":"ca_ES","og_type":"article","og_title":"Pol\u00edtica de privadesa - Alding","og_description":"POL\u00cdTICA DE PRIVADESA POL\u00cdTICA DE PRIVACITATSi ets aqu\u00ed \u00e9s perqu\u00e8 vols saber m\u00e9s sobre les obligacions i drets que et corresponen com a usuari d\u2019aquesta \u2713","og_url":"https:\/\/alding.cat\/politica-privadesa\/","og_site_name":"Alding","article_modified_time":"2025-07-01T14:58:26+00:00","twitter_card":"summary_large_image","twitter_misc":{"Temps estimat de lectura":"4 minuts"},"schema":{"@context":"https:\/\/schema.org","@graph":[{"@type":"WebPage","@id":"https:\/\/alding.cat\/politica-privadesa\/","url":"https:\/\/alding.cat\/politica-privadesa\/","name":"Pol\u00edtica de privadesa - Alding","isPartOf":{"@id":"https:\/\/alding.cat\/#website"},"datePublished":"2021-10-14T13:46:36+00:00","dateModified":"2025-07-01T14:58:26+00:00","description":"POL\u00cdTICA DE PRIVADESA POL\u00cdTICA DE PRIVACITATSi ets aqu\u00ed \u00e9s perqu\u00e8 vols saber m\u00e9s sobre les obligacions i drets que et corresponen com a usuari d\u2019aquesta \u2713","breadcrumb":{"@id":"https:\/\/alding.cat\/politica-privadesa\/#breadcrumb"},"inLanguage":"ca","potentialAction":[{"@type":"ReadAction","target":["https:\/\/alding.cat\/politica-privadesa\/"]}]},{"@type":"BreadcrumbList","@id":"https:\/\/alding.cat\/politica-privadesa\/#breadcrumb","itemListElement":[{"@type":"ListItem","position":1,"name":"Portada","item":"https:\/\/alding.cat\/"},{"@type":"ListItem","position":2,"name":"Pol\u00edtica de privadesa"}]},{"@type":"WebSite","@id":"https:\/\/alding.cat\/#website","url":"https:\/\/alding.cat\/","name":"Alding","description":"Smart Buildings","potentialAction":[{"@type":"SearchAction","target":{"@type":"EntryPoint","urlTemplate":"https:\/\/alding.cat\/?s={search_term_string}"},"query-input":{"@type":"PropertyValueSpecification","valueRequired":true,"valueName":"search_term_string"}}],"inLanguage":"ca"}]}},"_links":{"self":[{"href":"https:\/\/alding.cat\/ca\/wp-json\/wp\/v2\/pages\/510","targetHints":{"allow":["GET"]}}],"collection":[{"href":"https:\/\/alding.cat\/ca\/wp-json\/wp\/v2\/pages"}],"about":[{"href":"https:\/\/alding.cat\/ca\/wp-json\/wp\/v2\/types\/page"}],"author":[{"embeddable":true,"href":"https:\/\/alding.cat\/ca\/wp-json\/wp\/v2\/users\/2"}],"replies":[{"embeddable":true,"href":"https:\/\/alding.cat\/ca\/wp-json\/wp\/v2\/comments?post=510"}],"version-history":[{"count":5,"href":"https:\/\/alding.cat\/ca\/wp-json\/wp\/v2\/pages\/510\/revisions"}],"predecessor-version":[{"id":875,"href":"https:\/\/alding.cat\/ca\/wp-json\/wp\/v2\/pages\/510\/revisions\/875"}],"wp:attachment":[{"href":"https:\/\/alding.cat\/ca\/wp-json\/wp\/v2\/media?parent=510"}],"curies":[{"name":"wp","href":"https:\/\/api.w.org\/{rel}","templated":true}]}}