{"id":500,"date":"2023-06-16T15:36:55","date_gmt":"2023-06-16T13:36:55","guid":{"rendered":"https:\/\/alding.cat\/politica-daccessibilitat\/"},"modified":"2025-06-26T13:58:49","modified_gmt":"2025-06-26T11:58:49","slug":"politica-accessibilitat","status":"publish","type":"page","link":"https:\/\/alding.cat\/ca\/politica-accessibilitat\/","title":{"rendered":"Pol\u00edtica d&#8217;accessibilitat"},"content":{"rendered":"\t\t<div data-elementor-type=\"wp-page\" data-elementor-id=\"500\" class=\"elementor elementor-500 elementor-325\" data-elementor-post-type=\"page\">\n\t\t\t\t<div class=\"elementor-element elementor-element-6b3e00d e-flex e-con-boxed e-con e-parent\" data-id=\"6b3e00d\" data-element_type=\"container\" data-e-type=\"container\">\n\t\t\t\t\t<div class=\"e-con-inner\">\n\t\t\t\t<div class=\"elementor-element elementor-element-3def113 elementor-widget elementor-widget-heading\" data-id=\"3def113\" data-element_type=\"widget\" data-e-type=\"widget\" data-widget_type=\"heading.default\">\n\t\t\t\t<div class=\"elementor-widget-container\">\n\t\t\t\t\t<h1 class=\"elementor-heading-title elementor-size-default\">POL\u00cdTICA D'ACCESSIBILITAT<\/h1>\t\t\t\t<\/div>\n\t\t\t\t<\/div>\n\t\t\t\t<div class=\"elementor-element elementor-element-2f0aee9 elementor-widget elementor-widget-text-editor\" data-id=\"2f0aee9\" data-element_type=\"widget\" data-e-type=\"widget\" data-widget_type=\"text-editor.default\">\n\t\t\t\t<div class=\"elementor-widget-container\">\n\t\t\t\t\t\t\t\t\t<p>L&#8217;empresa <strong><\/strong>\u00a0s&#8217;ha comprom\u00e8s a fer accessible el vostre lloc web de conformitat amb el Reial Decret 1112\/2018, de 7 de setembre, sobre accessibilitat dels llocs web i aplicacions per a dispositius m\u00f2bils del sector p\u00fablic, o desenvolupaments finan\u00e7ats des d&#8217;Europa.<\/p><p>Aquesta declaraci\u00f3 d&#8217;accessibilitat s&#8217;aplica al lloc web <strong><\/strong>\u00a0excloent-ne els continguts incrustats provinents d&#8217;altres dominis.<\/p><p><strong>Situaci\u00f3 de compliment<\/strong><br \/>Aquest lloc web \u00e9s parcialment conforme amb el RD 1112\/2018 a causa de la manca de conformitat dels aspectes que s&#8217;indiquen a continuaci\u00f3.<\/p><p><strong>Contingut no accessible<\/strong><\/p><p>El contingut que es recull a continuaci\u00f3 no \u00e9s accessible pels motius seg\u00fcents:<\/p><ul><li>Manca de conformitat:<\/li><li>Poden existir algunes imatges l&#8217;alternativa de les quals no estigui implementada o no sigui correcta &#8211; \u2013 Requisit 9.1.1.1 Contingut no textual UNE-EN 301549:2022<\/li><li>Als formularis, hi pot haver camps que no s&#8217;hagin facilitat l&#8217;emplenament a trav\u00e9s de sistemes autom\u00e0tics \u2013 Requisit 9.1.3.5 Identificar el prop\u00f2sit de l&#8217;entrada UNE-EN 301549:2022<\/li><li>Pot haver-hi elements el contrast dels quals no sigui suficient en algunes p\u00e0gines \u2013 Requisit 9.1.4.3 Contrast UNE-EN 301549:2020<\/li><li>Pot haver-hi camps de formulari on la vostra etiqueta no sigui correcta o no existeixi \u2013 Requisit n\u00famero 9.3.3.2 Etiquetes o instruccions d&#8217;UNE-EN 301549:2022<\/li><li>Poden existir alguns errors de parseig al codi &#8211; Requisit n\u00famero 9.4.1.1 Processament d&#8217;UNE-EN 301549:2022<\/li><li>Podrien haver-hi errors puntuals d&#8217;edici\u00f3 en alguna p\u00e0gina web.<\/li><li>C\u00e0rrega desproporcionada: No \u00e9s aplicable.<\/li><li>El contingut no entra dins l\u00e0mbit de la legislaci\u00f3 aplicable.<br \/>Podrien existir fitxers ofim\u00e0tics en PDF o altres formats publicats abans del 20 de setembre de 2018 que no compleixin \u00edntegrament tots els requisits d&#8217;accessibilitat.<br \/>Hi pot haver continguts de tercers que no estiguin desenvolupats en aquesta Unitat, ni sota el seu control, com a fitxers ofim\u00e0tics de diferents organismes que s&#8217;hagin de publicar en aquest lloc.<\/li><\/ul><p><strong>Observacions i dades de contacte<\/strong><\/p><ul><li>Podeu realitzar comunicacions sobre requisits d&#8217;accessibilitat [article 10.2.a) del RD 1112\/2018 com, per exemple:<br \/>Informar sobre qualsevol possible incompliment per part daquest lloc web.<\/li><li>Transmetre altres dificultats dacc\u00e9s al contingut.<\/li><li>Formular qualsevol altra consulta o suggeriment de millora relativa a l&#8217;accessibilitat del lloc web a trav\u00e9s del seg\u00fcent email: <strong><\/strong> o trucant al tel\u00e8fon <strong><\/strong>\u00a0de 9 a 14 hores de dilluns a divendres.<\/li><\/ul><p><strong>Podeu presentar:<\/strong><\/p><ul><li>Una queixa relativa al compliment dels requisits del RD 1112\/2018<\/li><li>Una sol\u00b7licitud d&#8217;informaci\u00f3 accessible relativa a:<ul><li>Continguts que estan exclosos de l\u00e0mbit daplicaci\u00f3 del RD 1112\/2018 segons el que estableix larticle 3, apartat 4.<\/li><li>Continguts que estan exempts del compliment dels requisits daccessibilitat per imposar una c\u00e0rrega desproporcionada.<\/li><\/ul><\/li><\/ul><p>A la sol\u00b7licitud d&#8217;informaci\u00f3 accessible, cal concretar, amb tota claredat, els fets, les raons i la petici\u00f3 que permetin constatar que es tracta d&#8217;una sol\u00b7licitud raonable i leg\u00edtima.<\/p>\t\t\t\t\t\t\t\t<\/div>\n\t\t\t\t<\/div>\n\t\t\t\t\t<\/div>\n\t\t\t\t<\/div>\n\t\t\t\t<\/div>\n\t\t","protected":false},"excerpt":{"rendered":"<p>POL\u00cdTICA D&#8217;ACCESSIBILITAT L&#8217;empresa \u00a0s&#8217;ha comprom\u00e8s a fer accessible el vostre lloc web de conformitat amb el Reial Decret 1112\/2018, de 7 de setembre, sobre accessibilitat dels llocs web i aplicacions per a dispositius m\u00f2bils del sector p\u00fablic, o desenvolupaments finan\u00e7ats des d&#8217;Europa. Aquesta declaraci\u00f3 d&#8217;accessibilitat s&#8217;aplica al lloc web \u00a0excloent-ne els continguts incrustats provinents d&#8217;altres [&hellip;]<\/p>\n","protected":false},"author":2,"featured_media":0,"parent":0,"menu_order":0,"comment_status":"closed","ping_status":"closed","template":"","meta":{"_acf_changed":false,"inline_featured_image":false,"footnotes":""},"class_list":["post-500","page","type-page","status-publish","hentry"],"acf":[],"yoast_head":"<!-- This site is optimized with the Yoast SEO plugin v27.4 - https:\/\/yoast.com\/product\/yoast-seo-wordpress\/ -->\n<title>Pol\u00edtica d&#039;accessibilitat - Alding<\/title>\n<meta name=\"description\" content=\"POL\u00cdTICA D&#039;ACCESSIBILITAT L&#039;empresa \u00a0s&#039;ha comprom\u00e8s a fer accessible el vostre lloc web de conformitat amb el Reial Decret 1112\/2018, de 7 de setembre, \u2713\" \/>\n<meta name=\"robots\" content=\"noindex, nofollow\" \/>\n<meta property=\"og:locale\" content=\"ca_ES\" \/>\n<meta property=\"og:type\" content=\"article\" \/>\n<meta property=\"og:title\" content=\"Pol\u00edtica d&#039;accessibilitat - Alding\" \/>\n<meta property=\"og:description\" content=\"POL\u00cdTICA D&#039;ACCESSIBILITAT L&#039;empresa \u00a0s&#039;ha comprom\u00e8s a fer accessible el vostre lloc web de conformitat amb el Reial Decret 1112\/2018, de 7 de setembre, \u2713\" \/>\n<meta property=\"og:url\" content=\"https:\/\/alding.cat\/politica-accessibilitat\/\" \/>\n<meta property=\"og:site_name\" content=\"Alding\" \/>\n<meta property=\"article:modified_time\" content=\"2025-06-26T11:58:49+00:00\" \/>\n<meta name=\"twitter:card\" content=\"summary_large_image\" \/>\n<meta name=\"twitter:label1\" content=\"Temps estimat de lectura\" \/>\n\t<meta name=\"twitter:data1\" content=\"2 minuts\" \/>\n<script type=\"application\/ld+json\" class=\"yoast-schema-graph\">{\"@context\":\"https:\\\/\\\/schema.org\",\"@graph\":[{\"@type\":\"WebPage\",\"@id\":\"https:\\\/\\\/alding.cat\\\/politica-accessibilitat\\\/\",\"url\":\"https:\\\/\\\/alding.cat\\\/politica-accessibilitat\\\/\",\"name\":\"Pol\u00edtica d'accessibilitat - Alding\",\"isPartOf\":{\"@id\":\"https:\\\/\\\/alding.cat\\\/#website\"},\"datePublished\":\"2023-06-16T13:36:55+00:00\",\"dateModified\":\"2025-06-26T11:58:49+00:00\",\"description\":\"POL\u00cdTICA D'ACCESSIBILITAT L'empresa \u00a0s'ha comprom\u00e8s a fer accessible el vostre lloc web de conformitat amb el Reial Decret 1112\\\/2018, de 7 de setembre, \u2713\",\"breadcrumb\":{\"@id\":\"https:\\\/\\\/alding.cat\\\/politica-accessibilitat\\\/#breadcrumb\"},\"inLanguage\":\"ca\",\"potentialAction\":[{\"@type\":\"ReadAction\",\"target\":[\"https:\\\/\\\/alding.cat\\\/politica-accessibilitat\\\/\"]}]},{\"@type\":\"BreadcrumbList\",\"@id\":\"https:\\\/\\\/alding.cat\\\/politica-accessibilitat\\\/#breadcrumb\",\"itemListElement\":[{\"@type\":\"ListItem\",\"position\":1,\"name\":\"Portada\",\"item\":\"https:\\\/\\\/alding.cat\\\/\"},{\"@type\":\"ListItem\",\"position\":2,\"name\":\"Pol\u00edtica d&#8217;accessibilitat\"}]},{\"@type\":\"WebSite\",\"@id\":\"https:\\\/\\\/alding.cat\\\/#website\",\"url\":\"https:\\\/\\\/alding.cat\\\/\",\"name\":\"Alding\",\"description\":\"Smart Buildings\",\"potentialAction\":[{\"@type\":\"SearchAction\",\"target\":{\"@type\":\"EntryPoint\",\"urlTemplate\":\"https:\\\/\\\/alding.cat\\\/?s={search_term_string}\"},\"query-input\":{\"@type\":\"PropertyValueSpecification\",\"valueRequired\":true,\"valueName\":\"search_term_string\"}}],\"inLanguage\":\"ca\"}]}<\/script>\n<!-- \/ Yoast SEO plugin. -->","yoast_head_json":{"title":"Pol\u00edtica d'accessibilitat - Alding","description":"POL\u00cdTICA D'ACCESSIBILITAT L'empresa \u00a0s'ha comprom\u00e8s a fer accessible el vostre lloc web de conformitat amb el Reial Decret 1112\/2018, de 7 de setembre, \u2713","robots":{"index":"noindex","follow":"nofollow"},"og_locale":"ca_ES","og_type":"article","og_title":"Pol\u00edtica d'accessibilitat - Alding","og_description":"POL\u00cdTICA D'ACCESSIBILITAT L'empresa \u00a0s'ha comprom\u00e8s a fer accessible el vostre lloc web de conformitat amb el Reial Decret 1112\/2018, de 7 de setembre, \u2713","og_url":"https:\/\/alding.cat\/politica-accessibilitat\/","og_site_name":"Alding","article_modified_time":"2025-06-26T11:58:49+00:00","twitter_card":"summary_large_image","twitter_misc":{"Temps estimat de lectura":"2 minuts"},"schema":{"@context":"https:\/\/schema.org","@graph":[{"@type":"WebPage","@id":"https:\/\/alding.cat\/politica-accessibilitat\/","url":"https:\/\/alding.cat\/politica-accessibilitat\/","name":"Pol\u00edtica d'accessibilitat - Alding","isPartOf":{"@id":"https:\/\/alding.cat\/#website"},"datePublished":"2023-06-16T13:36:55+00:00","dateModified":"2025-06-26T11:58:49+00:00","description":"POL\u00cdTICA D'ACCESSIBILITAT L'empresa \u00a0s'ha comprom\u00e8s a fer accessible el vostre lloc web de conformitat amb el Reial Decret 1112\/2018, de 7 de setembre, \u2713","breadcrumb":{"@id":"https:\/\/alding.cat\/politica-accessibilitat\/#breadcrumb"},"inLanguage":"ca","potentialAction":[{"@type":"ReadAction","target":["https:\/\/alding.cat\/politica-accessibilitat\/"]}]},{"@type":"BreadcrumbList","@id":"https:\/\/alding.cat\/politica-accessibilitat\/#breadcrumb","itemListElement":[{"@type":"ListItem","position":1,"name":"Portada","item":"https:\/\/alding.cat\/"},{"@type":"ListItem","position":2,"name":"Pol\u00edtica d&#8217;accessibilitat"}]},{"@type":"WebSite","@id":"https:\/\/alding.cat\/#website","url":"https:\/\/alding.cat\/","name":"Alding","description":"Smart Buildings","potentialAction":[{"@type":"SearchAction","target":{"@type":"EntryPoint","urlTemplate":"https:\/\/alding.cat\/?s={search_term_string}"},"query-input":{"@type":"PropertyValueSpecification","valueRequired":true,"valueName":"search_term_string"}}],"inLanguage":"ca"}]}},"_links":{"self":[{"href":"https:\/\/alding.cat\/ca\/wp-json\/wp\/v2\/pages\/500","targetHints":{"allow":["GET"]}}],"collection":[{"href":"https:\/\/alding.cat\/ca\/wp-json\/wp\/v2\/pages"}],"about":[{"href":"https:\/\/alding.cat\/ca\/wp-json\/wp\/v2\/types\/page"}],"author":[{"embeddable":true,"href":"https:\/\/alding.cat\/ca\/wp-json\/wp\/v2\/users\/2"}],"replies":[{"embeddable":true,"href":"https:\/\/alding.cat\/ca\/wp-json\/wp\/v2\/comments?post=500"}],"version-history":[{"count":6,"href":"https:\/\/alding.cat\/ca\/wp-json\/wp\/v2\/pages\/500\/revisions"}],"predecessor-version":[{"id":855,"href":"https:\/\/alding.cat\/ca\/wp-json\/wp\/v2\/pages\/500\/revisions\/855"}],"wp:attachment":[{"href":"https:\/\/alding.cat\/ca\/wp-json\/wp\/v2\/media?parent=500"}],"curies":[{"name":"wp","href":"https:\/\/api.w.org\/{rel}","templated":true}]}}