{"id":1533,"date":"2025-07-24T16:47:37","date_gmt":"2025-07-24T14:47:37","guid":{"rendered":"https:\/\/alding.cat\/cistella\/"},"modified":"2025-07-24T17:09:43","modified_gmt":"2025-07-24T15:09:43","slug":"cistella","status":"publish","type":"page","link":"https:\/\/alding.cat\/ca\/cistella\/","title":{"rendered":"Cistella"},"content":{"rendered":"\n<div data-block-name=\"woocommerce\/cart\" class=\"wp-block-woocommerce-cart alignwide is-loading\">\n<div data-block-name=\"woocommerce\/filled-cart-block\" class=\"wp-block-woocommerce-filled-cart-block\">\n<div data-block-name=\"woocommerce\/cart-items-block\" class=\"wp-block-woocommerce-cart-items-block\">\n<div data-block-name=\"woocommerce\/cart-line-items-block\" class=\"wp-block-woocommerce-cart-line-items-block\"><\/div>\n\n\n\n<div data-block-name=\"woocommerce\/cart-cross-sells-block\" class=\"wp-block-woocommerce-cart-cross-sells-block\">\n<h2 class=\"wp-block-heading has-large-font-size\">Us pot interessar\u2026<\/h2>\n\n\n\n<div data-block-name=\"woocommerce\/cart-cross-sells-products-block\" class=\"wp-block-woocommerce-cart-cross-sells-products-block\"><\/div>\n<\/div>\n<\/div>\n\n\n\n<div data-block-name=\"woocommerce\/cart-totals-block\" class=\"wp-block-woocommerce-cart-totals-block\">\n<div data-block-name=\"woocommerce\/cart-order-summary-block\" class=\"wp-block-woocommerce-cart-order-summary-block\">\n<div data-block-name=\"woocommerce\/cart-order-summary-heading-block\" class=\"wp-block-woocommerce-cart-order-summary-heading-block\"><\/div><div data-block-name=\"woocommerce\/cart-order-summary-coupon-form-block\" class=\"wp-block-woocommerce-cart-order-summary-coupon-form-block\"><\/div><div data-block-name=\"woocommerce\/cart-order-summary-totals-block\" class=\"wp-block-woocommerce-cart-order-summary-totals-block\">\n<div data-block-name=\"woocommerce\/cart-order-summary-subtotal-block\" class=\"wp-block-woocommerce-cart-order-summary-subtotal-block\"><\/div>\n<div data-block-name=\"woocommerce\/cart-order-summary-discount-block\" class=\"wp-block-woocommerce-cart-order-summary-discount-block\"><\/div>\n<div data-block-name=\"woocommerce\/cart-order-summary-fee-block\" class=\"wp-block-woocommerce-cart-order-summary-fee-block\"><\/div>\n<div data-block-name=\"woocommerce\/cart-order-summary-shipping-block\" class=\"wp-block-woocommerce-cart-order-summary-shipping-block\"><\/div>\n<div data-block-name=\"woocommerce\/cart-order-summary-taxes-block\" class=\"wp-block-woocommerce-cart-order-summary-taxes-block\"><\/div><\/div>\n<\/div>\n\n\n\n<div data-block-name=\"woocommerce\/cart-express-payment-block\" class=\"wp-block-woocommerce-cart-express-payment-block\"><\/div>\n\n\n\n<div data-block-name=\"woocommerce\/proceed-to-checkout-block\" class=\"wp-block-woocommerce-proceed-to-checkout-block\"><\/div>\n\n\n\n<div data-block-name=\"woocommerce\/cart-accepted-payment-methods-block\" class=\"wp-block-woocommerce-cart-accepted-payment-methods-block\"><\/div>\n<\/div>\n<\/div>\n\n\n\n<div data-block-name=\"woocommerce\/empty-cart-block\" class=\"wp-block-woocommerce-empty-cart-block\">\n<h2 class=\"wp-block-heading has-text-align-center with-empty-cart-icon wc-block-cart__empty-cart__title\">La cistella est\u00e0 buida actualment!<\/h2>\n\n\n\n<hr class=\"wp-block-separator has-alpha-channel-opacity is-style-dots\"\/>\n\n\n\n<h2 class=\"wp-block-heading has-text-align-center\">Nou a la botiga<\/h2>\n\n\n<div data-block-name=\"woocommerce\/product-new\" data-columns=\"4\" data-rows=\"1\" class=\"wc-block-grid wp-block-product-new wp-block-woocommerce-product-new wc-block-product-new has-4-columns\"><ul class=\"wc-block-grid__products\"><li class=\"wc-block-grid__product\">\n\t\t\t\t<a href=\"https:\/\/alding.cat\/ca\/producte\/formacio-practica-en-comunicacio-industrial-opc-ua-profinet-i-protocols-de-camp\/\" class=\"wc-block-grid__product-link\">\n\t\t\t\t\t\n\t\t\t\t\t<div class=\"wc-block-grid__product-image\"><img fetchpriority=\"high\" decoding=\"async\" width=\"300\" height=\"300\" src=\"https:\/\/alding.cat\/wp-content\/uploads\/2025\/07\/PHOTO-2025-05-29-08-21-00-300x300.jpg\" class=\"attachment-woocommerce_thumbnail size-woocommerce_thumbnail\" alt=\"Formaci\u00f3 pr\u00e0ctica en comunicaci\u00f3 industrial: OPC UA, Profinet i protocols de camp\" srcset=\"https:\/\/alding.cat\/wp-content\/uploads\/2025\/07\/PHOTO-2025-05-29-08-21-00-300x300.jpg 300w, https:\/\/alding.cat\/wp-content\/uploads\/2025\/07\/PHOTO-2025-05-29-08-21-00-100x100.jpg 100w, https:\/\/alding.cat\/wp-content\/uploads\/2025\/07\/PHOTO-2025-05-29-08-21-00-150x150.jpg 150w\" sizes=\"(max-width: 300px) 100vw, 300px\" \/><\/div>\n\t\t\t\t\t<div class=\"wc-block-grid__product-title\">Formaci\u00f3 pr\u00e0ctica en comunicaci\u00f3 industrial: OPC UA, Profinet i protocols de camp<\/div>\n\t\t\t\t<\/a>\n\t\t\t\t<div class=\"wc-block-grid__product-price price\"><span class=\"woocommerce-Price-amount amount\">1.250,00&nbsp;<span class=\"woocommerce-Price-currencySymbol\">&euro;<\/span><\/span><\/div>\n\t\t\t\t\n\t\t\t\t<div class=\"wp-block-button wc-block-grid__product-add-to-cart\"><a href=\"\/ca\/wp-json\/wp\/v2\/pages\/1533?add-to-cart=1593\" aria-label=\"Afegeix a la cistella: &ldquo;Formaci\u00f3 pr\u00e0ctica en comunicaci\u00f3 industrial: OPC UA, Profinet i protocols de camp&rdquo;\" data-quantity=\"1\" data-product_id=\"1593\" data-product_sku=\"\" data-price=\"1250\" rel=\"nofollow\" class=\"wp-block-button__link  add_to_cart_button ajax_add_to_cart\">Afegeix a la cistella<\/a><\/div>\n\t\t\t<\/li><li class=\"wc-block-grid__product\">\n\t\t\t\t<a href=\"https:\/\/alding.cat\/ca\/producte\/ciberseguretat-industrial-per-entorns-dautomatitzacio\/\" class=\"wc-block-grid__product-link\">\n\t\t\t\t\t\n\t\t\t\t\t<div class=\"wc-block-grid__product-image\"><img decoding=\"async\" width=\"300\" height=\"300\" src=\"https:\/\/alding.cat\/wp-content\/uploads\/2025\/07\/PHOTO-2025-05-27-08-29-06-1-1-300x300.jpg\" class=\"attachment-woocommerce_thumbnail size-woocommerce_thumbnail\" alt=\"Ciberseguretat industrial per entorns d&#039;automatitzaci\u00f3\" srcset=\"https:\/\/alding.cat\/wp-content\/uploads\/2025\/07\/PHOTO-2025-05-27-08-29-06-1-1-300x300.jpg 300w, https:\/\/alding.cat\/wp-content\/uploads\/2025\/07\/PHOTO-2025-05-27-08-29-06-1-1-100x100.jpg 100w, https:\/\/alding.cat\/wp-content\/uploads\/2025\/07\/PHOTO-2025-05-27-08-29-06-1-1-150x150.jpg 150w\" sizes=\"(max-width: 300px) 100vw, 300px\" \/><\/div>\n\t\t\t\t\t<div class=\"wc-block-grid__product-title\">Ciberseguretat industrial per entorns d&#8217;automatitzaci\u00f3<\/div>\n\t\t\t\t<\/a>\n\t\t\t\t<div class=\"wc-block-grid__product-price price\"><span class=\"woocommerce-Price-amount amount\">1.800,00&nbsp;<span class=\"woocommerce-Price-currencySymbol\">&euro;<\/span><\/span><\/div>\n\t\t\t\t\n\t\t\t\t<div class=\"wp-block-button wc-block-grid__product-add-to-cart\"><a href=\"\/ca\/wp-json\/wp\/v2\/pages\/1533?add-to-cart=1590\" aria-label=\"Afegeix a la cistella: &ldquo;Ciberseguretat industrial per entorns d&#039;automatitzaci\u00f3&rdquo;\" data-quantity=\"1\" data-product_id=\"1590\" data-product_sku=\"\" data-price=\"1800\" rel=\"nofollow\" class=\"wp-block-button__link  add_to_cart_button ajax_add_to_cart\">Afegeix a la cistella<\/a><\/div>\n\t\t\t<\/li><li class=\"wc-block-grid__product\">\n\t\t\t\t<a href=\"https:\/\/alding.cat\/ca\/producte\/introduccio-a-la-industria-4-0-i-digitalitzacio-de-processos-productius\/\" class=\"wc-block-grid__product-link\">\n\t\t\t\t\t\n\t\t\t\t\t<div class=\"wc-block-grid__product-image\"><img decoding=\"async\" width=\"300\" height=\"300\" src=\"https:\/\/alding.cat\/wp-content\/uploads\/2025\/07\/PHOTO-2025-05-29-08-21-08-1-1-300x300.jpg\" class=\"attachment-woocommerce_thumbnail size-woocommerce_thumbnail\" alt=\"Introducci\u00f3 a la Ind\u00fastria 4.0 i digitalitzaci\u00f3 de processos productius\" srcset=\"https:\/\/alding.cat\/wp-content\/uploads\/2025\/07\/PHOTO-2025-05-29-08-21-08-1-1-300x300.jpg 300w, https:\/\/alding.cat\/wp-content\/uploads\/2025\/07\/PHOTO-2025-05-29-08-21-08-1-1-100x100.jpg 100w, https:\/\/alding.cat\/wp-content\/uploads\/2025\/07\/PHOTO-2025-05-29-08-21-08-1-1-150x150.jpg 150w\" sizes=\"(max-width: 300px) 100vw, 300px\" \/><\/div>\n\t\t\t\t\t<div class=\"wc-block-grid__product-title\">Introducci\u00f3 a la Ind\u00fastria 4.0 i digitalitzaci\u00f3 de processos productius<\/div>\n\t\t\t\t<\/a>\n\t\t\t\t<div class=\"wc-block-grid__product-price price\"><span class=\"woocommerce-Price-amount amount\">1.120,00&nbsp;<span class=\"woocommerce-Price-currencySymbol\">&euro;<\/span><\/span><\/div>\n\t\t\t\t\n\t\t\t\t<div class=\"wp-block-button wc-block-grid__product-add-to-cart\"><a href=\"\/ca\/wp-json\/wp\/v2\/pages\/1533?add-to-cart=1589\" aria-label=\"Afegeix a la cistella: &ldquo;Introducci\u00f3 a la Ind\u00fastria 4.0 i digitalitzaci\u00f3 de processos productius&rdquo;\" data-quantity=\"1\" data-product_id=\"1589\" data-product_sku=\"\" data-price=\"1120\" rel=\"nofollow\" class=\"wp-block-button__link  add_to_cart_button ajax_add_to_cart\">Afegeix a la cistella<\/a><\/div>\n\t\t\t<\/li><li class=\"wc-block-grid__product\">\n\t\t\t\t<a href=\"https:\/\/alding.cat\/ca\/producte\/supervisio-industrial-amb-wincc-i-desenvolupament-de-scada\/\" class=\"wc-block-grid__product-link\">\n\t\t\t\t\t\n\t\t\t\t\t<div class=\"wc-block-grid__product-image\"><img loading=\"lazy\" decoding=\"async\" width=\"300\" height=\"300\" src=\"https:\/\/alding.cat\/wp-content\/uploads\/2025\/07\/PHOTO-2025-05-27-10-23-30-300x300.jpg\" class=\"attachment-woocommerce_thumbnail size-woocommerce_thumbnail\" alt=\"Supervisi\u00f3 industrial amb WinCC i desenvolupament de SCADA\" srcset=\"https:\/\/alding.cat\/wp-content\/uploads\/2025\/07\/PHOTO-2025-05-27-10-23-30-300x300.jpg 300w, https:\/\/alding.cat\/wp-content\/uploads\/2025\/07\/PHOTO-2025-05-27-10-23-30-100x100.jpg 100w, https:\/\/alding.cat\/wp-content\/uploads\/2025\/07\/PHOTO-2025-05-27-10-23-30-600x600.jpg 600w, https:\/\/alding.cat\/wp-content\/uploads\/2025\/07\/PHOTO-2025-05-27-10-23-30-150x150.jpg 150w, https:\/\/alding.cat\/wp-content\/uploads\/2025\/07\/PHOTO-2025-05-27-10-23-30-768x768.jpg 768w, https:\/\/alding.cat\/wp-content\/uploads\/2025\/07\/PHOTO-2025-05-27-10-23-30-180x180.jpg 180w, https:\/\/alding.cat\/wp-content\/uploads\/2025\/07\/PHOTO-2025-05-27-10-23-30-360x360.jpg 360w, https:\/\/alding.cat\/wp-content\/uploads\/2025\/07\/PHOTO-2025-05-27-10-23-30-640x640.jpg 640w, https:\/\/alding.cat\/wp-content\/uploads\/2025\/07\/PHOTO-2025-05-27-10-23-30.jpg 1024w\" sizes=\"(max-width: 300px) 100vw, 300px\" \/><\/div>\n\t\t\t\t\t<div class=\"wc-block-grid__product-title\">Supervisi\u00f3 industrial amb WinCC i desenvolupament de SCADA<\/div>\n\t\t\t\t<\/a>\n\t\t\t\t<div class=\"wc-block-grid__product-price price\"><span class=\"woocommerce-Price-amount amount\">1.340,00&nbsp;<span class=\"woocommerce-Price-currencySymbol\">&euro;<\/span><\/span><\/div>\n\t\t\t\t\n\t\t\t\t<div class=\"wp-block-button wc-block-grid__product-add-to-cart\"><a href=\"\/ca\/wp-json\/wp\/v2\/pages\/1533?add-to-cart=1587\" aria-label=\"Afegeix a la cistella: &ldquo;Supervisi\u00f3 industrial amb WinCC i desenvolupament de SCADA&rdquo;\" data-quantity=\"1\" data-product_id=\"1587\" data-product_sku=\"\" data-price=\"1340\" rel=\"nofollow\" class=\"wp-block-button__link  add_to_cart_button ajax_add_to_cart\">Afegeix a la cistella<\/a><\/div>\n\t\t\t<\/li><\/ul><\/div><\/div>\n<\/div>\n","protected":false},"excerpt":{"rendered":"","protected":false},"author":1,"featured_media":0,"parent":0,"menu_order":0,"comment_status":"closed","ping_status":"closed","template":"","meta":{"_acf_changed":false,"inline_featured_image":false,"footnotes":""},"class_list":["post-1533","page","type-page","status-publish","hentry"],"acf":[],"yoast_head":"<!-- This site is optimized with the Yoast SEO plugin v27.4 - https:\/\/yoast.com\/product\/yoast-seo-wordpress\/ -->\n<title>Cistella - Alding<\/title>\n<meta name=\"description\" content=\"Us pot interessar\u2026                            La cistella est\u00e0 buida actualment!    Nou a la botiga \u2713\" \/>\n<meta name=\"robots\" content=\"index, follow, max-snippet:-1, max-image-preview:large, max-video-preview:-1\" \/>\n<link rel=\"canonical\" href=\"https:\/\/alding.cat\/cistella\/\" \/>\n<meta property=\"og:locale\" content=\"ca_ES\" \/>\n<meta property=\"og:type\" content=\"article\" \/>\n<meta property=\"og:title\" content=\"Cistella - Alding\" \/>\n<meta property=\"og:description\" content=\"Us pot interessar\u2026                            La cistella est\u00e0 buida actualment!    Nou a la botiga \u2713\" \/>\n<meta property=\"og:url\" content=\"https:\/\/alding.cat\/cistella\/\" \/>\n<meta property=\"og:site_name\" content=\"Alding\" \/>\n<meta property=\"article:modified_time\" content=\"2025-07-24T15:09:43+00:00\" \/>\n<meta name=\"twitter:card\" content=\"summary_large_image\" \/>\n<script type=\"application\/ld+json\" class=\"yoast-schema-graph\">{\"@context\":\"https:\\\/\\\/schema.org\",\"@graph\":[{\"@type\":\"WebPage\",\"@id\":\"https:\\\/\\\/alding.cat\\\/cistella\\\/\",\"url\":\"https:\\\/\\\/alding.cat\\\/cistella\\\/\",\"name\":\"Cistella - Alding\",\"isPartOf\":{\"@id\":\"https:\\\/\\\/alding.cat\\\/#website\"},\"datePublished\":\"2025-07-24T14:47:37+00:00\",\"dateModified\":\"2025-07-24T15:09:43+00:00\",\"description\":\"Us pot interessar\u2026 La cistella est\u00e0 buida actualment! Nou a la botiga \u2713\",\"breadcrumb\":{\"@id\":\"https:\\\/\\\/alding.cat\\\/cistella\\\/#breadcrumb\"},\"inLanguage\":\"ca\",\"potentialAction\":[{\"@type\":\"ReadAction\",\"target\":[\"https:\\\/\\\/alding.cat\\\/cistella\\\/\"]}]},{\"@type\":\"BreadcrumbList\",\"@id\":\"https:\\\/\\\/alding.cat\\\/cistella\\\/#breadcrumb\",\"itemListElement\":[{\"@type\":\"ListItem\",\"position\":1,\"name\":\"Portada\",\"item\":\"https:\\\/\\\/alding.cat\\\/\"},{\"@type\":\"ListItem\",\"position\":2,\"name\":\"Cistella\"}]},{\"@type\":\"WebSite\",\"@id\":\"https:\\\/\\\/alding.cat\\\/#website\",\"url\":\"https:\\\/\\\/alding.cat\\\/\",\"name\":\"Alding\",\"description\":\"Smart Buildings\",\"potentialAction\":[{\"@type\":\"SearchAction\",\"target\":{\"@type\":\"EntryPoint\",\"urlTemplate\":\"https:\\\/\\\/alding.cat\\\/?s={search_term_string}\"},\"query-input\":{\"@type\":\"PropertyValueSpecification\",\"valueRequired\":true,\"valueName\":\"search_term_string\"}}],\"inLanguage\":\"ca\"}]}<\/script>\n<!-- \/ Yoast SEO plugin. -->","yoast_head_json":{"title":"Cistella - Alding","description":"Us pot interessar\u2026                            La cistella est\u00e0 buida actualment!    Nou a la botiga \u2713","robots":{"index":"index","follow":"follow","max-snippet":"max-snippet:-1","max-image-preview":"max-image-preview:large","max-video-preview":"max-video-preview:-1"},"canonical":"https:\/\/alding.cat\/cistella\/","og_locale":"ca_ES","og_type":"article","og_title":"Cistella - Alding","og_description":"Us pot interessar\u2026                            La cistella est\u00e0 buida actualment!    Nou a la botiga \u2713","og_url":"https:\/\/alding.cat\/cistella\/","og_site_name":"Alding","article_modified_time":"2025-07-24T15:09:43+00:00","twitter_card":"summary_large_image","schema":{"@context":"https:\/\/schema.org","@graph":[{"@type":"WebPage","@id":"https:\/\/alding.cat\/cistella\/","url":"https:\/\/alding.cat\/cistella\/","name":"Cistella - Alding","isPartOf":{"@id":"https:\/\/alding.cat\/#website"},"datePublished":"2025-07-24T14:47:37+00:00","dateModified":"2025-07-24T15:09:43+00:00","description":"Us pot interessar\u2026 La cistella est\u00e0 buida actualment! Nou a la botiga \u2713","breadcrumb":{"@id":"https:\/\/alding.cat\/cistella\/#breadcrumb"},"inLanguage":"ca","potentialAction":[{"@type":"ReadAction","target":["https:\/\/alding.cat\/cistella\/"]}]},{"@type":"BreadcrumbList","@id":"https:\/\/alding.cat\/cistella\/#breadcrumb","itemListElement":[{"@type":"ListItem","position":1,"name":"Portada","item":"https:\/\/alding.cat\/"},{"@type":"ListItem","position":2,"name":"Cistella"}]},{"@type":"WebSite","@id":"https:\/\/alding.cat\/#website","url":"https:\/\/alding.cat\/","name":"Alding","description":"Smart Buildings","potentialAction":[{"@type":"SearchAction","target":{"@type":"EntryPoint","urlTemplate":"https:\/\/alding.cat\/?s={search_term_string}"},"query-input":{"@type":"PropertyValueSpecification","valueRequired":true,"valueName":"search_term_string"}}],"inLanguage":"ca"}]}},"_links":{"self":[{"href":"https:\/\/alding.cat\/ca\/wp-json\/wp\/v2\/pages\/1533","targetHints":{"allow":["GET"]}}],"collection":[{"href":"https:\/\/alding.cat\/ca\/wp-json\/wp\/v2\/pages"}],"about":[{"href":"https:\/\/alding.cat\/ca\/wp-json\/wp\/v2\/types\/page"}],"author":[{"embeddable":true,"href":"https:\/\/alding.cat\/ca\/wp-json\/wp\/v2\/users\/1"}],"replies":[{"embeddable":true,"href":"https:\/\/alding.cat\/ca\/wp-json\/wp\/v2\/comments?post=1533"}],"version-history":[{"count":1,"href":"https:\/\/alding.cat\/ca\/wp-json\/wp\/v2\/pages\/1533\/revisions"}],"predecessor-version":[{"id":1591,"href":"https:\/\/alding.cat\/ca\/wp-json\/wp\/v2\/pages\/1533\/revisions\/1591"}],"wp:attachment":[{"href":"https:\/\/alding.cat\/ca\/wp-json\/wp\/v2\/media?parent=1533"}],"curies":[{"name":"wp","href":"https:\/\/api.w.org\/{rel}","templated":true}]}}