{"id":1219,"date":"2025-01-20T08:32:20","date_gmt":"2025-01-20T07:32:20","guid":{"rendered":"https:\/\/alding.cat\/avis-legal\/"},"modified":"2025-07-21T11:13:51","modified_gmt":"2025-07-21T09:13:51","slug":"avis-legal","status":"publish","type":"page","link":"https:\/\/alding.cat\/ca\/avis-legal\/","title":{"rendered":"Av\u00eds Legal"},"content":{"rendered":"\t\t<div data-elementor-type=\"wp-page\" data-elementor-id=\"1219\" class=\"elementor elementor-1219 elementor-600\" data-elementor-post-type=\"page\">\n\t\t\t\t<div class=\"elementor-element elementor-element-d45fd57 e-flex e-con-boxed e-con e-parent\" data-id=\"d45fd57\" data-element_type=\"container\" data-e-type=\"container\">\n\t\t\t\t\t<div class=\"e-con-inner\">\n\t\t\t\t<div class=\"elementor-element elementor-element-8f6dedd elementor-widget elementor-widget-heading\" data-id=\"8f6dedd\" data-element_type=\"widget\" data-e-type=\"widget\" data-widget_type=\"heading.default\">\n\t\t\t\t<div class=\"elementor-widget-container\">\n\t\t\t\t\t<h2 class=\"elementor-heading-title elementor-size-default\">AV\u00cdS LEGAL<\/h2>\t\t\t\t<\/div>\n\t\t\t\t<\/div>\n\t\t\t\t<div class=\"elementor-element elementor-element-3280d3a elementor-widget elementor-widget-text-editor\" data-id=\"3280d3a\" data-element_type=\"widget\" data-e-type=\"widget\" data-widget_type=\"text-editor.default\">\n\t\t\t\t<div class=\"elementor-widget-container\">\n\t\t\t\t\t\t\t\t\t<p><strong>AV\u00cdS LEGAL<\/strong><\/p><p>Aquest Av\u00eds Legal t\u00e9 l&#8217;objectiu d&#8217;informar-te dels teus drets i obligacions com a usuari d&#8217;aquest lloc web Aqu\u00ed trobar\u00e0s tota la informaci\u00f3 que necessites sobre aquest lloc web, la seva activitat, les dades personals que recull i la seva finalitat, aix\u00ed com les normes d&#8217;\u00fas que regulen l&#8217;\u00fas d&#8217;aquesta web.<\/p><p>En el moment en qu\u00e8 accedeixis a aquest lloc web <strong><\/strong>, assumeixes la condici\u00f3 d&#8217;usuari, per aix\u00f2 el contingut d&#8217;aquest Av\u00eds Legal t&#8217;afecta directament. Per aix\u00f2, \u00e9s important que el llegeixis per desfer qualsevol dubte que puguis tenir i tenir coneixement de causa sobre les condicions que est\u00e0s acceptant.<\/p><p>Per comen\u00e7ar, has de saber que aquest lloc web compleix les normatives vigents en mat\u00e8ria de protecci\u00f3 de dades, amb l&#8217;objectiu d&#8217;aportar-te les garanties, la seguretat i la transpar\u00e8ncia que, com a usuari, et corresponen en utilitzar aquest web.<\/p><ul><li><strong>El RGPD<\/strong> (Reglament (UE) 2016\/679 del Parlament Europeu i del Consell de 27 d&#8217;abril de 2016 relatiu a la protecci\u00f3 de les persones f\u00edsiques), que unifica la regulaci\u00f3 del tractament de les dades personals als diferents pa\u00efsos de la UE.<\/li><li><strong>La LOPDGDD<\/strong> (Llei Org\u00e0nica 3\/2018, de 5 de desembre, de protecci\u00f3 de dades personals i garantia dels drets digitals), que regula el tractament de les dades personals i les obligacions que hem d&#8217;assumir els responsables d&#8217;una web o un bloc en gestionar aquesta informaci\u00f3.<\/li><li><strong>La LSSI<\/strong> (Llei 34\/2002, de 11 de juliol, de Serveis de la Societat de la Informaci\u00f3 i Comer\u00e7 Electr\u00f2nic), que regula les transaccions econ\u00f2miques mitjan\u00e7ant mitjans electr\u00f2nics.<\/li><\/ul><h3>DADES D&#8217;IDENTIFICACI\u00d3<\/h3><p>El responsable i titular d&#8217;aquest lloc web \u00e9s<strong><\/strong> :<\/p><ul><li><strong>Nom:<\/strong> <\/li><li><strong>NIF:<\/strong> <\/li><li><strong>Domicili Social:<\/strong> <\/li><li><strong>Activitat del lloc web:<\/strong> Distribuci\u00f3 de contingut relacionat amb<strong><\/strong> , mostra de publicitat, i recomanaci\u00f3 de productes d&#8217;afiliat.<\/li><li><strong>Correu electr\u00f2nic:<\/strong> <\/li><\/ul><p>Les dades que ens facilitis amb el teu consentiment, i d&#8217;acord amb l&#8217;\u00fas establert a la nostra Pol\u00edtica de Privadesa, seran incorporades a un fitxer automatitzat, el responsable del qual \u00e9s  <strong><\/strong>. Aix\u00f2 garanteix que les teves dades estan segures i protegides d&#8217;acord amb la llei.<\/p><h3>NORMES D&#8217;ACC\u00c9S AL LLOC WEB<\/h3><p>Com a usuari del nostre web, tamb\u00e9 tens una s\u00e8rie d&#8217;obligacions:<\/p><ul><li>No podr\u00e0s utilitzar aquest lloc web per a activitats contr\u00e0ries a les lleis, a la moral, a l&#8217;ordre p\u00fablic ni per a usos contraris a all\u00f2 expressat en aquest Av\u00eds Legal.<\/li><li>No podr\u00e0s realitzar activitats publicit\u00e0ries o dexplotaci\u00f3 comercial utilitzant identitats falses.<\/li><li>Ser\u00e0s l&#8217;\u00fanic responsable de la veracitat i exactitud dels continguts que introdueixis en aquesta web i de les dades personals que ens facilitis amb les finalitats previstes a la nostra Pol\u00edtica de Privadesa.<\/li><li>Tamb\u00e9 ser\u00e0s responsable de qualsevol actuaci\u00f3 il\u00b7l\u00edcita, lesiva de drets, nociva i\/o perjudicial en llocs de tercers a qu\u00e8 et puguem redirigir.<\/li><\/ul><p><strong><\/strong>  podr\u00e0 interrompre el servei de la p\u00e0gina i resoldre la relaci\u00f3 amb lusuari si detecta un \u00fas indegut de la web.<\/p><h3>PROPIETAT INTEL\u00b7LECTUAL I INDUSTRIAL<\/h3><p>La totalitat d&#8217;aquest lloc web (text, imatges, marques, gr\u00e0fics, logotips, botons, arxius de programari, combinacions de colors, aix\u00ed com l&#8217;estructura, la selecci\u00f3, l&#8217;ordenaci\u00f3 i la presentaci\u00f3 dels seus continguts) est\u00e0 protegida per les lleis vigents sobre propietat intel\u00b7lectual i industrial.<\/p><p>Queda prohibida la seva reproducci\u00f3, distribuci\u00f3, comunicaci\u00f3 p\u00fablica i transformaci\u00f3, excepte per a \u00fas personal i privat.<\/p><p><strong><\/strong>  no garanteix que els continguts siguin necessaris o lliures derror. El bon o mal \u00fas d&#8217;aquesta p\u00e0gina i dels seus continguts \u00e9s responsabilitat de l&#8217;usuari.<\/p><h3>ENLLA\u00c7OS O LINKS<\/h3><p>Aquest lloc web inclou enlla\u00e7os a llocs de tercers. Aquestes p\u00e0gines no han estat revisades ni s\u00f3n objecte de controls per part nostra, per la qual cosa   <strong><\/strong>  no ser\u00e0 responsable dels continguts, pol\u00edtiques de privadesa ni mesures adoptades per aquests tercers.<\/p><p>Us recomanem llegir detingudament les condicions d&#8217;\u00fas i pol\u00edtiques d&#8217;aquests llocs abans d&#8217;utilitzar-los.<\/p><h3>ENLLA\u00c7OS D&#8217;AFILIACI\u00d3 D&#8217;AMAZON<\/h3><p>Aquest lloc web utilitza enlla\u00e7os d&#8217;afiliats d&#8217;Amazon. Aix\u00f2 significa que trobareu enlla\u00e7os a productes d&#8217;Amazon que podreu adquirir sota les vostres condicions d&#8217;\u00fas. <\/p><h3>LIMITACI\u00d3 DE RESPONSABILITAT<\/h3><p><strong><\/strong>  no es fa responsable de:<\/p><ul><li>La qualitat, velocitat i continu\u00eftat del servei.<\/li><li>L&#8217;exist\u00e8ncia de virus, programari malici\u00f3s o programes maliciosos en els continguts.<\/li><li>L\u00fas il\u00b7l\u00edcit o negligent de la web.<\/li><li>La manca de licitud, qualitat, fiabilitat o utilitat dels serveis proporcionats per tercers.<\/li><li>Els danys que puguin derivar-se de l\u00fas il\u00b7legal daquesta web.<\/li><\/ul><h3>POL\u00cdTICA DE PRIVACITAT I PROTECCI\u00d3 DE DADES<\/h3><p>Aquest lloc web compleix amb la normativa vigent en mat\u00e8ria de protecci\u00f3 de dades. Com a usuari, haur\u00e0s de donar <strong>el<\/strong> teu consentiment expr\u00e9s abans de facilitar dades personals a trav\u00e9s dels formularis disponibles a la web.  <\/p><h3>POL\u00cdTICA DE COOKIES<\/h3><p>Aquest lloc web utilitza cookies pr\u00f2pies i de tercers. Podeu configurar el vostre navegador per rebutjar l&#8217;\u00fas de cookies. Per a m\u00e9s informaci\u00f3, consulta la nostra <strong>Pol\u00edtica de Cookies<\/strong> .  <\/p><h3>LEGISLACI\u00d3 APLICABLE I JURISDICCI\u00d3 COMPETENT<\/h3><p>El present Av\u00eds Legal es troba sotm\u00e8s a la legislaci\u00f3 espanyola vigent. Qualsevol controv\u00e8rsia se sotmetr\u00e0 als jutjats i tribunals del domicili de l&#8217;usuari. Si l&#8217;usuari resideix fora d&#8217;Espanya, les parts se sotmetran als jutjats i als tribunals de Barcelona (Espanya). <\/p><p>Si tens qualsevol dubte, pots enviar-nos un correu electr\u00f2nic a<strong><\/strong> .<\/p>\t\t\t\t\t\t\t\t<\/div>\n\t\t\t\t<\/div>\n\t\t\t\t\t<\/div>\n\t\t\t\t<\/div>\n\t\t\t\t<\/div>\n\t\t","protected":false},"excerpt":{"rendered":"<p>AV\u00cdS LEGAL AV\u00cdS LEGAL Aquest Av\u00eds Legal t\u00e9 l&#8217;objectiu d&#8217;informar-te dels teus drets i obligacions com a usuari d&#8217;aquest lloc web Aqu\u00ed trobar\u00e0s tota la informaci\u00f3 que necessites sobre aquest lloc web, la seva activitat, les dades personals que recull i la seva finalitat, aix\u00ed com les normes d&#8217;\u00fas que regulen l&#8217;\u00fas d&#8217;aquesta web. En [&hellip;]<\/p>\n","protected":false},"author":2,"featured_media":0,"parent":0,"menu_order":0,"comment_status":"closed","ping_status":"closed","template":"elementor_header_footer","meta":{"_acf_changed":false,"inline_featured_image":false,"footnotes":""},"class_list":["post-1219","page","type-page","status-publish","hentry"],"acf":[],"yoast_head":"<!-- This site is optimized with the Yoast SEO plugin v27.4 - https:\/\/yoast.com\/product\/yoast-seo-wordpress\/ -->\n<title>Av\u00eds Legal - Alding<\/title>\n<meta name=\"description\" content=\"AV\u00cdS LEGAL AV\u00cdS LEGALAquest Av\u00eds Legal t\u00e9 l&#039;objectiu d&#039;informar-te dels teus drets i obligacions com a usuari d&#039;aquest lloc web Aqu\u00ed trobar\u00e0s tota la \u2713\" \/>\n<meta name=\"robots\" content=\"noindex, nofollow\" \/>\n<meta property=\"og:locale\" content=\"ca_ES\" \/>\n<meta property=\"og:type\" content=\"article\" \/>\n<meta property=\"og:title\" content=\"Av\u00eds Legal - Alding\" \/>\n<meta property=\"og:description\" content=\"AV\u00cdS LEGAL AV\u00cdS LEGALAquest Av\u00eds Legal t\u00e9 l&#039;objectiu d&#039;informar-te dels teus drets i obligacions com a usuari d&#039;aquest lloc web Aqu\u00ed trobar\u00e0s tota la \u2713\" \/>\n<meta property=\"og:url\" content=\"https:\/\/alding.cat\/avis-legal\/\" \/>\n<meta property=\"og:site_name\" content=\"Alding\" \/>\n<meta property=\"article:modified_time\" content=\"2025-07-21T09:13:51+00:00\" \/>\n<meta name=\"twitter:card\" content=\"summary_large_image\" \/>\n<meta name=\"twitter:label1\" content=\"Temps estimat de lectura\" \/>\n\t<meta name=\"twitter:data1\" content=\"5 minuts\" \/>\n<script type=\"application\/ld+json\" class=\"yoast-schema-graph\">{\"@context\":\"https:\\\/\\\/schema.org\",\"@graph\":[{\"@type\":\"WebPage\",\"@id\":\"https:\\\/\\\/alding.cat\\\/avis-legal\\\/\",\"url\":\"https:\\\/\\\/alding.cat\\\/avis-legal\\\/\",\"name\":\"Av\u00eds Legal - Alding\",\"isPartOf\":{\"@id\":\"https:\\\/\\\/alding.cat\\\/#website\"},\"datePublished\":\"2025-01-20T07:32:20+00:00\",\"dateModified\":\"2025-07-21T09:13:51+00:00\",\"description\":\"AV\u00cdS LEGAL AV\u00cdS LEGALAquest Av\u00eds Legal t\u00e9 l'objectiu d'informar-te dels teus drets i obligacions com a usuari d'aquest lloc web Aqu\u00ed trobar\u00e0s tota la \u2713\",\"breadcrumb\":{\"@id\":\"https:\\\/\\\/alding.cat\\\/avis-legal\\\/#breadcrumb\"},\"inLanguage\":\"ca\",\"potentialAction\":[{\"@type\":\"ReadAction\",\"target\":[\"https:\\\/\\\/alding.cat\\\/avis-legal\\\/\"]}]},{\"@type\":\"BreadcrumbList\",\"@id\":\"https:\\\/\\\/alding.cat\\\/avis-legal\\\/#breadcrumb\",\"itemListElement\":[{\"@type\":\"ListItem\",\"position\":1,\"name\":\"Portada\",\"item\":\"https:\\\/\\\/alding.cat\\\/\"},{\"@type\":\"ListItem\",\"position\":2,\"name\":\"Av\u00eds Legal\"}]},{\"@type\":\"WebSite\",\"@id\":\"https:\\\/\\\/alding.cat\\\/#website\",\"url\":\"https:\\\/\\\/alding.cat\\\/\",\"name\":\"Alding\",\"description\":\"Smart Buildings\",\"potentialAction\":[{\"@type\":\"SearchAction\",\"target\":{\"@type\":\"EntryPoint\",\"urlTemplate\":\"https:\\\/\\\/alding.cat\\\/?s={search_term_string}\"},\"query-input\":{\"@type\":\"PropertyValueSpecification\",\"valueRequired\":true,\"valueName\":\"search_term_string\"}}],\"inLanguage\":\"ca\"}]}<\/script>\n<!-- \/ Yoast SEO plugin. -->","yoast_head_json":{"title":"Av\u00eds Legal - Alding","description":"AV\u00cdS LEGAL AV\u00cdS LEGALAquest Av\u00eds Legal t\u00e9 l'objectiu d'informar-te dels teus drets i obligacions com a usuari d'aquest lloc web Aqu\u00ed trobar\u00e0s tota la \u2713","robots":{"index":"noindex","follow":"nofollow"},"og_locale":"ca_ES","og_type":"article","og_title":"Av\u00eds Legal - Alding","og_description":"AV\u00cdS LEGAL AV\u00cdS LEGALAquest Av\u00eds Legal t\u00e9 l'objectiu d'informar-te dels teus drets i obligacions com a usuari d'aquest lloc web Aqu\u00ed trobar\u00e0s tota la \u2713","og_url":"https:\/\/alding.cat\/avis-legal\/","og_site_name":"Alding","article_modified_time":"2025-07-21T09:13:51+00:00","twitter_card":"summary_large_image","twitter_misc":{"Temps estimat de lectura":"5 minuts"},"schema":{"@context":"https:\/\/schema.org","@graph":[{"@type":"WebPage","@id":"https:\/\/alding.cat\/avis-legal\/","url":"https:\/\/alding.cat\/avis-legal\/","name":"Av\u00eds Legal - Alding","isPartOf":{"@id":"https:\/\/alding.cat\/#website"},"datePublished":"2025-01-20T07:32:20+00:00","dateModified":"2025-07-21T09:13:51+00:00","description":"AV\u00cdS LEGAL AV\u00cdS LEGALAquest Av\u00eds Legal t\u00e9 l'objectiu d'informar-te dels teus drets i obligacions com a usuari d'aquest lloc web Aqu\u00ed trobar\u00e0s tota la \u2713","breadcrumb":{"@id":"https:\/\/alding.cat\/avis-legal\/#breadcrumb"},"inLanguage":"ca","potentialAction":[{"@type":"ReadAction","target":["https:\/\/alding.cat\/avis-legal\/"]}]},{"@type":"BreadcrumbList","@id":"https:\/\/alding.cat\/avis-legal\/#breadcrumb","itemListElement":[{"@type":"ListItem","position":1,"name":"Portada","item":"https:\/\/alding.cat\/"},{"@type":"ListItem","position":2,"name":"Av\u00eds Legal"}]},{"@type":"WebSite","@id":"https:\/\/alding.cat\/#website","url":"https:\/\/alding.cat\/","name":"Alding","description":"Smart Buildings","potentialAction":[{"@type":"SearchAction","target":{"@type":"EntryPoint","urlTemplate":"https:\/\/alding.cat\/?s={search_term_string}"},"query-input":{"@type":"PropertyValueSpecification","valueRequired":true,"valueName":"search_term_string"}}],"inLanguage":"ca"}]}},"_links":{"self":[{"href":"https:\/\/alding.cat\/ca\/wp-json\/wp\/v2\/pages\/1219","targetHints":{"allow":["GET"]}}],"collection":[{"href":"https:\/\/alding.cat\/ca\/wp-json\/wp\/v2\/pages"}],"about":[{"href":"https:\/\/alding.cat\/ca\/wp-json\/wp\/v2\/types\/page"}],"author":[{"embeddable":true,"href":"https:\/\/alding.cat\/ca\/wp-json\/wp\/v2\/users\/2"}],"replies":[{"embeddable":true,"href":"https:\/\/alding.cat\/ca\/wp-json\/wp\/v2\/comments?post=1219"}],"version-history":[{"count":3,"href":"https:\/\/alding.cat\/ca\/wp-json\/wp\/v2\/pages\/1219\/revisions"}],"predecessor-version":[{"id":1237,"href":"https:\/\/alding.cat\/ca\/wp-json\/wp\/v2\/pages\/1219\/revisions\/1237"}],"wp:attachment":[{"href":"https:\/\/alding.cat\/ca\/wp-json\/wp\/v2\/media?parent=1219"}],"curies":[{"name":"wp","href":"https:\/\/api.w.org\/{rel}","templated":true}]}}